{"id":99,"date":"2015-04-23T12:38:18","date_gmt":"2015-04-23T12:38:18","guid":{"rendered":"http:\/\/xml-io.proteusthemes.com\/cargopress\/?page_id=99"},"modified":"2019-09-24T09:25:14","modified_gmt":"2019-09-24T07:25:14","slug":"spedition","status":"publish","type":"page","link":"https:\/\/haafsts-logistik.de\/de\/dienstleistungen\/spedition\/","title":{"rendered":"Spedition"},"content":{"rendered":"<div id=\"pl-99\"  class=\"panel-layout\" ><div id=\"pg-99-0\"  class=\"panel-grid panel-no-style\" ><div id=\"pgc-99-0-0\"  class=\"panel-grid-cell\" ><div id=\"panel-99-0-0-0\" class=\"so-panel widget widget_black-studio-tinymce widget_black_studio_tinymce panel-first-child panel-last-child\" data-index=\"0\" ><div class=\"textwidget\"><div id=\"innerpage-topic-text\">Lernen Sie die Speditionsleistungen der HAAF-STS  Logistik kennen:<\/div>\n<h2 class=\"innerpage\">In der europaweiten Beschaffungs- und Distributionslogistik im Bereich Teilladungen und \u2028Komplettladungen sind wir die Spezialisten.<br \/>\n<\/h2>\n<h5 class=\"innerpage\">Nennen Sie uns Ihre Aufgabenstellung und Ihre betrieblichen Anforderungen. Gemeinsam mit Ihnen erarbeiten wir das passende Konzept, in dem Sie sich zusammen mit Ihrem Kunden wohlf\u00fchlen.<\/h5>\n<p>Ben\u00f6tigen Sie mehr Informationen \u00fcber HAAF STS Logistik, Ihr Spezialist f\u00fcr europaweite Teilladungen und Komplettladungen? Hier die wichtigsten Daten auf einen Blick:<\/p>\n<h3 class=\"innerpage\">L\u00e4nder:<\/h3>\n<ul id=\"haaf-sts-page\">\n<li>D, GB, Benelux<\/li>\n<li>F, CH, A, E, P, GR<\/li>\n<li>Ost Europa<\/li>\n<\/ul>\n<h3 class=\"innerpage\">Dienstleistung:<\/h3>\n<ul id=\"haaf-sts-page\">\n<li>Beschaffungs-,<\/li>\n<li>Lager- und Distributionslogistik<\/li>\n<li>Werkverkehr, Shuttle<\/li>\n<\/ul>\n<h3 class=\"innerpage\">Dienstleistungserbringung:<\/h3>\n<ul id=\"haaf-sts-page\">\n<li>Eigener Furhpark<\/li>\n<li>Festfahrende Subunternehmer<\/li>\n<\/ul>\n<\/div><\/div><\/div><div id=\"pgc-99-0-1\"  class=\"panel-grid-cell\" ><div id=\"panel-99-0-1-0\" class=\"so-panel widget widget_black-studio-tinymce widget_black_studio_tinymce panel-first-child panel-last-child\" data-index=\"1\" ><div class=\"featured-widget panel-widget-style panel-widget-style-for-99-0-1-0\" ><div class=\"textwidget\"><div id=\"innerpage-topic-imgbox\">Der Fuhrpark bei HAAF-STS Logistik<br \/>\nsteht f\u00fcr <span style=\"font-weight: bold; letter-spacing: 1px;\">modernstes LKW-Equipment:<\/span><\/div>\n<p><img loading=\"lazy\" decoding=\"async\" class=\"alignnone wp-image-1051 size-full\" src=\"https:\/\/haafsts-logistik.de\/de\/wp-content\/uploads\/sites\/10\/2017\/08\/haaf_sts_hero_f1sl.jpg\" alt=\"\" width=\"424\" height=\"240\" srcset=\"https:\/\/haafsts-logistik.de\/de\/wp-content\/uploads\/sites\/10\/2017\/08\/haaf_sts_hero_f1sl.jpg 424w, https:\/\/haafsts-logistik.de\/de\/wp-content\/uploads\/sites\/10\/2017\/08\/haaf_sts_hero_f1sl-300x170.jpg 300w, https:\/\/haafsts-logistik.de\/de\/wp-content\/uploads\/sites\/10\/2017\/08\/haaf_sts_hero_f1sl-360x204.jpg 360w, https:\/\/haafsts-logistik.de\/de\/wp-content\/uploads\/sites\/10\/2017\/08\/haaf_sts_hero_f1sl-20x11.jpg 20w\" sizes=\"(max-width: 424px) 100vw, 424px\" \/><\/p>\n<p><img loading=\"lazy\" decoding=\"async\" class=\"alignnone wp-image-1053 size-full\" src=\"https:\/\/haafsts-logistik.de\/de\/wp-content\/uploads\/sites\/10\/2017\/08\/haaf_sts_hero_f2sl.jpg\" alt=\"\" width=\"424\" height=\"240\" srcset=\"https:\/\/haafsts-logistik.de\/de\/wp-content\/uploads\/sites\/10\/2017\/08\/haaf_sts_hero_f2sl.jpg 424w, https:\/\/haafsts-logistik.de\/de\/wp-content\/uploads\/sites\/10\/2017\/08\/haaf_sts_hero_f2sl-300x170.jpg 300w, https:\/\/haafsts-logistik.de\/de\/wp-content\/uploads\/sites\/10\/2017\/08\/haaf_sts_hero_f2sl-360x204.jpg 360w, https:\/\/haafsts-logistik.de\/de\/wp-content\/uploads\/sites\/10\/2017\/08\/haaf_sts_hero_f2sl-20x11.jpg 20w\" sizes=\"(max-width: 424px) 100vw, 424px\" \/><\/p>\n<p><img loading=\"lazy\" decoding=\"async\" class=\"alignnone wp-image-1055 size-full\" src=\"https:\/\/haafsts-logistik.de\/de\/wp-content\/uploads\/sites\/10\/2017\/08\/haaf_sts_hero_f3sl.jpg\" alt=\"\" width=\"424\" height=\"240\" srcset=\"https:\/\/haafsts-logistik.de\/de\/wp-content\/uploads\/sites\/10\/2017\/08\/haaf_sts_hero_f3sl.jpg 424w, https:\/\/haafsts-logistik.de\/de\/wp-content\/uploads\/sites\/10\/2017\/08\/haaf_sts_hero_f3sl-300x170.jpg 300w, https:\/\/haafsts-logistik.de\/de\/wp-content\/uploads\/sites\/10\/2017\/08\/haaf_sts_hero_f3sl-360x204.jpg 360w, https:\/\/haafsts-logistik.de\/de\/wp-content\/uploads\/sites\/10\/2017\/08\/haaf_sts_hero_f3sl-20x11.jpg 20w\" sizes=\"(max-width: 424px) 100vw, 424px\" \/><\/p>\n<\/div><\/div><\/div><\/div><\/div><\/div>","protected":false},"excerpt":{"rendered":"<p>Lernen Sie die Speditionsleistungen der HAAF-STS Logistik kennen: In der europaweiten Beschaffungs- und Distributionslogistik im Bereich Teilladungen und \u2028Komplettladungen sind wir die Spezialisten. Nennen Sie uns Ihre Aufgabenstellung und Ihre betrieblichen Anforderungen. Gemeinsam mit Ihnen erarbeiten wir das passende Konzept, in dem Sie sich zusammen mit Ihrem Kunden wohlf\u00fchlen. Ben\u00f6tigen Sie mehr Informationen \u00fcber HAAF &hellip;<\/p>\n","protected":false},"author":1,"featured_media":1052,"parent":76,"menu_order":0,"comment_status":"closed","ping_status":"closed","template":"","meta":{"_acf_changed":false,"footnotes":""},"class_list":["post-99","page","type-page","status-publish","has-post-thumbnail","hentry"],"acf":[],"_links":{"self":[{"href":"https:\/\/haafsts-logistik.de\/de\/wp-json\/wp\/v2\/pages\/99"}],"collection":[{"href":"https:\/\/haafsts-logistik.de\/de\/wp-json\/wp\/v2\/pages"}],"about":[{"href":"https:\/\/haafsts-logistik.de\/de\/wp-json\/wp\/v2\/types\/page"}],"author":[{"embeddable":true,"href":"https:\/\/haafsts-logistik.de\/de\/wp-json\/wp\/v2\/users\/1"}],"replies":[{"embeddable":true,"href":"https:\/\/haafsts-logistik.de\/de\/wp-json\/wp\/v2\/comments?post=99"}],"version-history":[{"count":2,"href":"https:\/\/haafsts-logistik.de\/de\/wp-json\/wp\/v2\/pages\/99\/revisions"}],"predecessor-version":[{"id":319851,"href":"https:\/\/haafsts-logistik.de\/de\/wp-json\/wp\/v2\/pages\/99\/revisions\/319851"}],"up":[{"embeddable":true,"href":"https:\/\/haafsts-logistik.de\/de\/wp-json\/wp\/v2\/pages\/76"}],"wp:featuredmedia":[{"embeddable":true,"href":"https:\/\/haafsts-logistik.de\/de\/wp-json\/wp\/v2\/media\/1052"}],"wp:attachment":[{"href":"https:\/\/haafsts-logistik.de\/de\/wp-json\/wp\/v2\/media?parent=99"}],"curies":[{"name":"wp","href":"https:\/\/api.w.org\/{rel}","templated":true}]}}