{"id":979,"date":"2017-08-23T15:22:36","date_gmt":"2017-08-23T13:22:36","guid":{"rendered":"https:\/\/haafsts.afema24.com\/unternehmen\/?page_id=979"},"modified":"2025-01-15T21:54:40","modified_gmt":"2025-01-15T20:54:40","slug":"transport-anmelden","status":"publish","type":"page","link":"https:\/\/haafsts-logistik.de\/de\/service\/transport-anmelden\/","title":{"rendered":"Transport anmelden"},"content":{"rendered":"<div id=\"pl-979\"  class=\"panel-layout\" ><div id=\"pg-979-0\"  class=\"panel-grid panel-no-style\" ><div id=\"pgc-979-0-0\"  class=\"panel-grid-cell\" ><div id=\"panel-979-0-0-0\" class=\"so-panel widget widget_black-studio-tinymce widget_black_studio_tinymce panel-first-child panel-last-child\" data-index=\"0\" ><div class=\"featured-widget panel-widget-style panel-widget-style-for-979-0-0-0\" ><div class=\"textwidget\"><h2 class=\"innerpage-trnsptanmld\"><span style=\"font-size: 61%;\">Kostenlose Hotline:<\/span> <br \/>0800 4223 787<\/h2>\n<p>&nbsp;<\/p>\n<h3 class=\"innerpage\">Sie k\u00f6nnen Ihren Transport <br \/>auch hier anmelden:<\/h3>\n<p>Telefon: <strong>0 23 92 \/ 80 87 \u2013 0<\/strong><br \/>\nTelefax: <strong>0 23 92 \/ 80 87 \u2013 22<\/strong><br \/>\nEmail: <a href=\"mailto:info@haaf-sts-logistik.de\">info@haaf-sts-logistik.de<\/a><\/p>\n<\/div><\/div><\/div><\/div><div id=\"pgc-979-0-1\"  class=\"panel-grid-cell\" ><div id=\"panel-979-0-1-0\" class=\"so-panel widget widget_black-studio-tinymce widget_black_studio_tinymce panel-first-child panel-last-child\" data-index=\"1\" ><div class=\"featured-widget panel-widget-style panel-widget-style-for-979-0-1-0\" ><div class=\"textwidget\"><p><img loading=\"lazy\" decoding=\"async\" class=\"alignleft wp-image-319980\" src=\"https:\/\/haafsts-logistik.de\/de\/wp-content\/uploads\/sites\/10\/2020\/09\/haaf-sts-logistik_sbms.png\" alt=\"\" width=\"110\" height=\"114\" \/><\/p>\n<h4 style=\"font-size: 16px;\">Haben Sie ein Logistikproblem?<\/h4>\n<p><span style=\"font-size: 14px; font-weight: normal;\">Lassen Sie uns eine L\u00f6sung erarbeiten!<\/span><br \/>\n<span style=\"font-size: 12px; font-weight: normal;\">Schreiben Sie uns!<\/span><\/p>\n<div style=\"margin-top: 15px;\"><a class=\"btn    btn-primary\" href=\"https:\/\/haafsts-logistik.de\/de\/unternehmen\/kontakt\/\" target=\"_self\">Unsere Kontaktdaten<\/a><\/div>\n<\/div><\/div><\/div><\/div><\/div><div id=\"pg-979-1\"  class=\"panel-grid panel-no-style\" ><div id=\"pgc-979-1-0\"  class=\"panel-grid-cell panel-grid-cell-mobile-last\" ><div id=\"panel-979-1-0-0\" class=\"so-panel widget widget_black-studio-tinymce widget_black_studio_tinymce panel-first-child panel-last-child\" data-index=\"2\" ><div class=\"panel-widget-style panel-widget-style-for-979-1-0-0\" ><div class=\"textwidget\"><h5 class=\"innerpage\"><span style=\"font-size: 14px; font-weight: bold; line-height: 14px;\">Nat\u00fcrlich erhalten Sie mit jeder Transportanmeldung <br \/>automatisch die HAAF-STS Logistik Garantie!<\/span><br \/> HAAF-STS Logistik garantiert Ihnen zu 100 %, dass Ihre Ware (als Teil- und Komplettladung) zu dem von uns schriftlich best\u00e4tigten<br \/>\nTermin bei Ihrem Empf\u00e4nger eintrifft \u2013 europaweit.<\/h5>\n<p>Sollte HAAF-STS Logistik den Termin nicht einhalten, erhalten Sie 100% der an uns zu zahlenden Frachtkosten f\u00fcr diesen Auftrag zur\u00fcck. Dies gilt f\u00fcr alle Versp\u00e4tungen, ausgenommen h\u00f6here Gewalt.<\/p>\n<\/div><\/div><\/div><\/div><div id=\"pgc-979-1-1\"  class=\"panel-grid-cell panel-grid-cell-empty\" ><\/div><\/div><\/div>","protected":false},"excerpt":{"rendered":"<p>Kostenlose Hotline: 0800 4223 787 &nbsp; Sie k\u00f6nnen Ihren Transport auch hier anmelden: Telefon: 0 23 92 \/ 80 87 \u2013 0 Telefax: 0 23 92 \/ 80 87 \u2013 22 Email: info@haaf-sts-logistik.de Haben Sie ein Logistikproblem? Lassen Sie uns eine L\u00f6sung erarbeiten! Schreiben Sie uns! Nat\u00fcrlich erhalten Sie mit jeder Transportanmeldung automatisch die HAAF-STS &hellip;<\/p>\n","protected":false},"author":1,"featured_media":1698,"parent":670,"menu_order":0,"comment_status":"closed","ping_status":"closed","template":"","meta":{"_acf_changed":false,"footnotes":""},"class_list":["post-979","page","type-page","status-publish","has-post-thumbnail","hentry"],"acf":[],"_links":{"self":[{"href":"https:\/\/haafsts-logistik.de\/de\/wp-json\/wp\/v2\/pages\/979"}],"collection":[{"href":"https:\/\/haafsts-logistik.de\/de\/wp-json\/wp\/v2\/pages"}],"about":[{"href":"https:\/\/haafsts-logistik.de\/de\/wp-json\/wp\/v2\/types\/page"}],"author":[{"embeddable":true,"href":"https:\/\/haafsts-logistik.de\/de\/wp-json\/wp\/v2\/users\/1"}],"replies":[{"embeddable":true,"href":"https:\/\/haafsts-logistik.de\/de\/wp-json\/wp\/v2\/comments?post=979"}],"version-history":[{"count":10,"href":"https:\/\/haafsts-logistik.de\/de\/wp-json\/wp\/v2\/pages\/979\/revisions"}],"predecessor-version":[{"id":319883,"href":"https:\/\/haafsts-logistik.de\/de\/wp-json\/wp\/v2\/pages\/979\/revisions\/319883"}],"up":[{"embeddable":true,"href":"https:\/\/haafsts-logistik.de\/de\/wp-json\/wp\/v2\/pages\/670"}],"wp:featuredmedia":[{"embeddable":true,"href":"https:\/\/haafsts-logistik.de\/de\/wp-json\/wp\/v2\/media\/1698"}],"wp:attachment":[{"href":"https:\/\/haafsts-logistik.de\/de\/wp-json\/wp\/v2\/media?parent=979"}],"curies":[{"name":"wp","href":"https:\/\/api.w.org\/{rel}","templated":true}]}}