{"id":970,"date":"2017-08-23T15:21:31","date_gmt":"2017-08-23T13:21:31","guid":{"rendered":"https:\/\/haafsts.afema24.com\/unternehmen\/?page_id=970"},"modified":"2025-01-15T21:54:30","modified_gmt":"2025-01-15T20:54:30","slug":"logistik-ratgeber","status":"publish","type":"page","link":"https:\/\/haafsts-logistik.de\/de\/service\/logistik-ratgeber\/","title":{"rendered":"Logistik Ratgeber"},"content":{"rendered":"<div id=\"pl-970\"  class=\"panel-layout\" ><div id=\"pg-970-0\"  class=\"panel-grid panel-no-style\" ><div id=\"pgc-970-0-0\"  class=\"panel-grid-cell\" ><div id=\"panel-970-0-0-0\" class=\"so-panel widget widget_black-studio-tinymce widget_black_studio_tinymce panel-first-child panel-last-child\" data-index=\"0\" ><div class=\"panel-widget-style panel-widget-style-for-970-0-0-0\" ><div class=\"textwidget\"><div id=\"innerpage-topic-text\">Warum sollten Sie sich den HAAF-STS Logistik Ratgeber holen?<\/div>\n<h2 class=\"innerpage\">Der Logistik-Ratgeber zeigt Ihnen, <br \/>auf was Sie bei der Auswahl des richtigen Teilladungs- und Komplettladungs-Spediteurs achten m\u00fcssen.<\/h2>\n<h5 class=\"innerpage\">Au\u00dferdem gibt der Ratgeber Tipps und Ratschl\u00e4ge, <br \/>wie Sie Zeit und Geld sparen k\u00f6nnen.<\/h5>\n<p>Vor allem aber verdeutlicht Ihnen der Ratgeber, was Sie in Zukunft im Bereich der europaweiten Teilladungen und\/oder Komplettladungen von einem Spezialisten erwarten sollten.<\/p>\n<h3 class=\"innerpage\">Die wichtigsten Punkte auf einen Blick:<\/h3>\n<ul id=\"haaf-sts-page\">\n<li><span style=\"color: #003e8d;\">HAAF-STS Logistik<\/span> Geld-zur\u00fcck-Garantie<\/li>\n<li><span style=\"color: #003e8d;\">HAAF-STS Logistik<\/span> Flexibilit\u00e4t<\/li>\n<li><span style=\"color: #003e8d;\">HAAF-STS Logistik<\/span> Direktladung<\/li>\n<li><span style=\"color: #003e8d;\">HAAF-STS Logistik<\/span> R\u00fcckmeldung<\/li>\n<li><span style=\"color: #003e8d;\">HAAF-STS Logistik<\/span> Dokumentation<\/li>\n<li><span style=\"color: #003e8d;\">HAAF-STS Logistik<\/span> Anmeldung<\/li>\n<\/ul>\n<\/div><\/div><\/div><\/div><div id=\"pgc-970-0-1\"  class=\"panel-grid-cell\" ><div id=\"panel-970-0-1-0\" class=\"so-panel widget widget_black-studio-tinymce widget_black_studio_tinymce panel-first-child\" data-index=\"1\" ><div class=\"panel-widget-style panel-widget-style-for-970-0-1-0\" ><div class=\"textwidget\"><p>&nbsp;<\/p>\n<\/div><\/div><\/div><div id=\"panel-970-0-1-1\" class=\"so-panel widget widget_black-studio-tinymce widget_black_studio_tinymce panel-last-child\" data-index=\"2\" ><div class=\"featured-widget panel-widget-style panel-widget-style-for-970-0-1-1\" ><div class=\"textwidget\"><p><img loading=\"lazy\" decoding=\"async\" class=\"alignleft wp-image-319980\" src=\"https:\/\/haafsts-logistik.de\/de\/wp-content\/uploads\/sites\/10\/2020\/09\/haaf-sts-logistik_sbms.png\" alt=\"\" width=\"110\" height=\"114\" \/><\/p>\n<h4 style=\"font-size: 16px;\">Haben Sie ein Logistikproblem?<\/h4>\n<p><span style=\"font-size: 14px; font-weight: normal;\">Lassen Sie uns eine L\u00f6sung erarbeiten!<\/span><br \/>\n<span style=\"font-size: 12px; font-weight: normal;\">Schreiben Sie uns!<\/span><\/p>\n<div style=\"margin-top: 15px;\"><a class=\"btn    btn-primary\" href=\"https:\/\/haafsts-logistik.de\/de\/unternehmen\/kontakt\/\" target=\"_self\">Unsere Kontaktdaten<\/a><\/div>\n<\/div><\/div><\/div><\/div><\/div><div id=\"pg-970-1\"  class=\"panel-grid panel-no-style\" ><div id=\"pgc-970-1-0\"  class=\"panel-grid-cell panel-grid-cell-empty panel-grid-cell-mobile-last\" ><\/div><div id=\"pgc-970-1-1\"  class=\"panel-grid-cell panel-grid-cell-empty\" ><\/div><\/div><\/div>","protected":false},"excerpt":{"rendered":"<p>Warum sollten Sie sich den HAAF-STS Logistik Ratgeber holen? Der Logistik-Ratgeber zeigt Ihnen, auf was Sie bei der Auswahl des richtigen Teilladungs- und Komplettladungs-Spediteurs achten m\u00fcssen. Au\u00dferdem gibt der Ratgeber Tipps und Ratschl\u00e4ge, wie Sie Zeit und Geld sparen k\u00f6nnen. Vor allem aber verdeutlicht Ihnen der Ratgeber, was Sie in Zukunft im Bereich der europaweiten &hellip;<\/p>\n","protected":false},"author":1,"featured_media":1701,"parent":670,"menu_order":0,"comment_status":"closed","ping_status":"closed","template":"","meta":{"_acf_changed":false,"footnotes":""},"class_list":["post-970","page","type-page","status-publish","has-post-thumbnail","hentry"],"acf":[],"_links":{"self":[{"href":"https:\/\/haafsts-logistik.de\/de\/wp-json\/wp\/v2\/pages\/970"}],"collection":[{"href":"https:\/\/haafsts-logistik.de\/de\/wp-json\/wp\/v2\/pages"}],"about":[{"href":"https:\/\/haafsts-logistik.de\/de\/wp-json\/wp\/v2\/types\/page"}],"author":[{"embeddable":true,"href":"https:\/\/haafsts-logistik.de\/de\/wp-json\/wp\/v2\/users\/1"}],"replies":[{"embeddable":true,"href":"https:\/\/haafsts-logistik.de\/de\/wp-json\/wp\/v2\/comments?post=970"}],"version-history":[{"count":8,"href":"https:\/\/haafsts-logistik.de\/de\/wp-json\/wp\/v2\/pages\/970\/revisions"}],"predecessor-version":[{"id":320011,"href":"https:\/\/haafsts-logistik.de\/de\/wp-json\/wp\/v2\/pages\/970\/revisions\/320011"}],"up":[{"embeddable":true,"href":"https:\/\/haafsts-logistik.de\/de\/wp-json\/wp\/v2\/pages\/670"}],"wp:featuredmedia":[{"embeddable":true,"href":"https:\/\/haafsts-logistik.de\/de\/wp-json\/wp\/v2\/media\/1701"}],"wp:attachment":[{"href":"https:\/\/haafsts-logistik.de\/de\/wp-json\/wp\/v2\/media?parent=970"}],"curies":[{"name":"wp","href":"https:\/\/api.w.org\/{rel}","templated":true}]}}