{"id":967,"date":"2017-08-23T15:21:10","date_gmt":"2017-08-23T13:21:10","guid":{"rendered":"https:\/\/haafsts.afema24.com\/unternehmen\/?page_id=967"},"modified":"2025-01-15T21:53:59","modified_gmt":"2025-01-15T20:53:59","slug":"fahren-sie-fuer-uns","status":"publish","type":"page","link":"https:\/\/haafsts-logistik.de\/de\/service\/fahren-sie-fuer-uns\/","title":{"rendered":"Fahren Sie f\u00fcr uns"},"content":{"rendered":"<div id=\"pl-967\"  class=\"panel-layout\" ><div id=\"pg-967-0\"  class=\"panel-grid panel-no-style\" ><div id=\"pgc-967-0-0\"  class=\"panel-grid-cell\" ><div id=\"panel-967-0-0-0\" class=\"so-panel widget widget_black-studio-tinymce widget_black_studio_tinymce panel-first-child panel-last-child\" data-index=\"0\" ><div class=\"textwidget\"><div id=\"innerpage-topic-text\">Werden Sie Teil der Erfolgsgeschichte.<\/div>\n<h2 class=\"innerpage\">Werden Sie Transportunternehmer f\u00fcr HAAF-STS Logistik GmbH!<\/h2>\n<h5 class=\"innerpage\">Die HAAF-STS Logistik GmbH wurde 1997 gegr\u00fcndet und ist spezialisiert auf die europaweite Bef\u00f6rderung von Teilladungen und Komplettladungen. <\/h5>\n<p>Unsere Schnelligkeit ist Ihr Vorteil. Kurzfristige Anmeldezeiten sichern Ihnen gr\u00f6\u00dfte Flexibilit\u00e4t und Ihren Empf\u00e4ngern l\u00e4ngere Bestellzeiten.<\/p>\n<h3 class=\"innerpage\">Was Sie von uns erwarten k\u00f6nnen:<\/h3>\n<ul id=\"haaf-sts-page\">\n<li>Europaweite Teilladungen und Komplettladungen.<\/li>\n<li>Individuelle Betreuung durch unsere geschulten Transport-Manager.<\/li>\n<li>Transparente und faire Partnerschaft.<\/li>\n<li>Einmalige sowie regelm\u00e4\u00dfige Auftr\u00e4ge zu Festpreisen.<\/li>\n<li>Ganzjahresbesch\u00e4ftigung (auch in den Sommermonaten) zum Tagessatz mit verbindlichem Subunternehmer-Vertrag.<\/li>\n<li>Kostenlose Hotline aus dem deutschen Festnetz.<\/li>\n<\/ul>\n<h3 class=\"innerpage\">Weitere Informationen zu HAAF-STS Logistik GmbH<\/h3>\n<ul id=\"haaf-sts-page\">\n<li>Unsere TimoCom Nr. 039682 und <a href=\"https:\/\/haafsts-logistik.de\/de\/impressum\/\">weitere Unternehmensdaten<\/a>.<\/li>\n<li>Zahlungsmodalit\u00e4ten nach Ansprache. <a href=\"https:\/\/haafsts-logistik.de\/de\/unternehmen\/kontakt\/\">Rufen Sie uns an<\/a>.<\/li>\n<\/ul>\n<\/div><\/div><\/div><div id=\"pgc-967-0-1\"  class=\"panel-grid-cell\" ><div id=\"panel-967-0-1-0\" class=\"so-panel widget widget_black-studio-tinymce widget_black_studio_tinymce panel-first-child\" data-index=\"1\" ><div class=\"panel-widget-style panel-widget-style-for-967-0-1-0\" ><div class=\"textwidget\"><p>&nbsp;<\/p>\n<\/div><\/div><\/div><div id=\"panel-967-0-1-1\" class=\"so-panel widget widget_black-studio-tinymce widget_black_studio_tinymce panel-last-child\" data-index=\"2\" ><div class=\"featured-widget panel-widget-style panel-widget-style-for-967-0-1-1\" ><div class=\"textwidget\"><p><img loading=\"lazy\" decoding=\"async\" class=\"alignleft wp-image-319980\" src=\"https:\/\/haafsts-logistik.de\/de\/wp-content\/uploads\/sites\/10\/2020\/09\/haaf-sts-logistik_sbms.png\" alt=\"\" width=\"110\" height=\"114\" \/><\/p>\n<h4 style=\"font-size: 16px;\">Neue Perspektiven?<\/h4>\n<p><span style=\"font-size: 14px; font-weight: normal;\">Lassen Sie uns \u00fcber Details sprechen!<\/span><br \/>\n<span style=\"font-size: 12px; font-weight: normal;\">Schreiben Sie uns!<\/span><\/p>\n<div style=\"margin-top: 15px;\"><a class=\"btn    btn-primary\" href=\"https:\/\/haafsts-logistik.de\/de\/unternehmen\/kontakt\/\" target=\"_self\">Unsere Kontaktdaten<\/a><\/div>\n<\/div><\/div><\/div><\/div><\/div><\/div>","protected":false},"excerpt":{"rendered":"<p>Werden Sie Teil der Erfolgsgeschichte. Werden Sie Transportunternehmer f\u00fcr HAAF-STS Logistik GmbH! Die HAAF-STS Logistik GmbH wurde 1997 gegr\u00fcndet und ist spezialisiert auf die europaweite Bef\u00f6rderung von Teilladungen und Komplettladungen. Unsere Schnelligkeit ist Ihr Vorteil. Kurzfristige Anmeldezeiten sichern Ihnen gr\u00f6\u00dfte Flexibilit\u00e4t und Ihren Empf\u00e4ngern l\u00e4ngere Bestellzeiten. Was Sie von uns erwarten k\u00f6nnen: Europaweite Teilladungen und &hellip;<\/p>\n","protected":false},"author":1,"featured_media":1696,"parent":670,"menu_order":0,"comment_status":"closed","ping_status":"closed","template":"","meta":{"_acf_changed":false,"footnotes":""},"class_list":["post-967","page","type-page","status-publish","has-post-thumbnail","hentry"],"acf":[],"_links":{"self":[{"href":"https:\/\/haafsts-logistik.de\/de\/wp-json\/wp\/v2\/pages\/967"}],"collection":[{"href":"https:\/\/haafsts-logistik.de\/de\/wp-json\/wp\/v2\/pages"}],"about":[{"href":"https:\/\/haafsts-logistik.de\/de\/wp-json\/wp\/v2\/types\/page"}],"author":[{"embeddable":true,"href":"https:\/\/haafsts-logistik.de\/de\/wp-json\/wp\/v2\/users\/1"}],"replies":[{"embeddable":true,"href":"https:\/\/haafsts-logistik.de\/de\/wp-json\/wp\/v2\/comments?post=967"}],"version-history":[{"count":8,"href":"https:\/\/haafsts-logistik.de\/de\/wp-json\/wp\/v2\/pages\/967\/revisions"}],"predecessor-version":[{"id":320008,"href":"https:\/\/haafsts-logistik.de\/de\/wp-json\/wp\/v2\/pages\/967\/revisions\/320008"}],"up":[{"embeddable":true,"href":"https:\/\/haafsts-logistik.de\/de\/wp-json\/wp\/v2\/pages\/670"}],"wp:featuredmedia":[{"embeddable":true,"href":"https:\/\/haafsts-logistik.de\/de\/wp-json\/wp\/v2\/media\/1696"}],"wp:attachment":[{"href":"https:\/\/haafsts-logistik.de\/de\/wp-json\/wp\/v2\/media?parent=967"}],"curies":[{"name":"wp","href":"https:\/\/api.w.org\/{rel}","templated":true}]}}