{"id":945,"date":"2017-08-23T15:04:22","date_gmt":"2017-08-23T13:04:22","guid":{"rendered":"https:\/\/haafsts.afema24.com\/unternehmen\/?page_id=945"},"modified":"2020-09-09T21:21:38","modified_gmt":"2020-09-09T19:21:38","slug":"praxis-beispiele","status":"publish","type":"page","link":"https:\/\/haafsts-logistik.de\/de\/unternehmen\/praxis-beispiele\/","title":{"rendered":"Praxis Beispiele"},"content":{"rendered":"<div id=\"pl-945\"  class=\"panel-layout\" ><div id=\"pg-945-0\"  class=\"panel-grid panel-no-style\" ><div id=\"pgc-945-0-0\"  class=\"panel-grid-cell\" ><div id=\"panel-945-0-0-0\" class=\"so-panel widget widget_black-studio-tinymce widget_black_studio_tinymce panel-first-child panel-last-child\" data-index=\"0\" ><div class=\"featured-widget panel-widget-style panel-widget-style-for-945-0-0-0\" ><div class=\"textwidget\"><p><img loading=\"lazy\" decoding=\"async\" class=\"alignnone wp-image-1383 size-full\" src=\"https:\/\/haafsts-logistik.de\/de\/data\/uploads\/2015\/04\/lager_03.jpg\" alt=\"\" width=\"848\" height=\"480\" srcset=\"https:\/\/haafsts-logistik.de\/de\/wp-content\/uploads\/sites\/10\/2015\/04\/lager_03.jpg 848w, https:\/\/haafsts-logistik.de\/de\/wp-content\/uploads\/sites\/10\/2015\/04\/lager_03-300x170.jpg 300w, https:\/\/haafsts-logistik.de\/de\/wp-content\/uploads\/sites\/10\/2015\/04\/lager_03-768x435.jpg 768w, https:\/\/haafsts-logistik.de\/de\/wp-content\/uploads\/sites\/10\/2015\/04\/lager_03-360x204.jpg 360w, https:\/\/haafsts-logistik.de\/de\/wp-content\/uploads\/sites\/10\/2015\/04\/lager_03-20x11.jpg 20w\" sizes=\"(max-width: 848px) 100vw, 848px\" \/><\/p>\n<h4 class=\"praxis-btn-link\"><a href=\"https:\/\/haafsts-logistik.de\/de\/blog\/lagerlogistik-mit-haaf-sts-schafft-mehrwerte-und-neue-freiraeume\/\">Lagerlogistik mit HAAF-STS schafft Mehrwerte und neue Freir\u00e4ume<\/a><\/h4>\n<p>Sie m\u00f6chten Ihr Lager neu organisieren? Rufen Sie uns an. Wir analysieren, beraten und setzen mit Ihnen das neue Lagerkonzept um. Durch die Erfahrung unserer Mitarbeiter sind Kostenersparnisse m\u00f6glich.<\/p>\n<div class=\"button-wrapper\"><a class=\"btn    btn-info\" href=\"https:\/\/haafsts-logistik.de\/de\/blog\/lagerlogistik-mit-haaf-sts-schafft-mehrwerte-und-neue-freiraeume\/\" target=\"_self\">JETZT WEITERLESEN<\/a><\/div>\n<\/div><\/div><\/div><\/div><div id=\"pgc-945-0-1\"  class=\"panel-grid-cell\" ><div id=\"panel-945-0-1-0\" class=\"so-panel widget widget_black-studio-tinymce widget_black_studio_tinymce panel-first-child panel-last-child\" data-index=\"1\" ><div class=\"featured-widget panel-widget-style panel-widget-style-for-945-0-1-0\" ><div class=\"textwidget\"><p><img loading=\"lazy\" decoding=\"async\" class=\"alignnone wp-image-1054 size-full\" src=\"https:\/\/haafsts-logistik.de\/de\/data\/uploads\/2017\/08\/haaf_sts_hero_f3.jpg\" alt=\"\" width=\"848\" height=\"480\" srcset=\"https:\/\/haafsts-logistik.de\/de\/wp-content\/uploads\/sites\/10\/2017\/08\/haaf_sts_hero_f3.jpg 848w, https:\/\/haafsts-logistik.de\/de\/wp-content\/uploads\/sites\/10\/2017\/08\/haaf_sts_hero_f3-300x170.jpg 300w, https:\/\/haafsts-logistik.de\/de\/wp-content\/uploads\/sites\/10\/2017\/08\/haaf_sts_hero_f3-768x435.jpg 768w, https:\/\/haafsts-logistik.de\/de\/wp-content\/uploads\/sites\/10\/2017\/08\/haaf_sts_hero_f3-360x204.jpg 360w, https:\/\/haafsts-logistik.de\/de\/wp-content\/uploads\/sites\/10\/2017\/08\/haaf_sts_hero_f3-20x11.jpg 20w\" sizes=\"(max-width: 848px) 100vw, 848px\" \/><\/p>\n<h4 class=\"praxis-btn-link\"><a href=\"https:\/\/haafsts-logistik.de\/de\/blog\/beschaffungs-produktions-und-distributionslogistik\/\">Beschaffungs-, Produktions- und Distributionslogistik<\/a><\/h4>\n<p>Sie arbeiten mit dem Spezialisten f\u00fcr europaweite Teil- und Komplettladungen zusammen. \u00dcber 20 Jahre Erfahrung in diesem Bereich helfen Ihnen sich auf Ihr Gesch\u00e4ft zu konzentrieren.<\/p>\n<div class=\"button-wrapper\"><a class=\"btn    btn-info\" href=\"https:\/\/haafsts-logistik.de\/de\/blog\/beschaffungs-produktions-und-distributionslogistik\/\" target=\"_self\">JETZT WEITERLESEN<\/a><\/div>\n<\/div><\/div><\/div><\/div><\/div><\/div>","protected":false},"excerpt":{"rendered":"<p>Lagerlogistik mit HAAF-STS schafft Mehrwerte und neue Freir\u00e4ume Sie m\u00f6chten Ihr Lager neu organisieren? Rufen Sie uns an. Wir analysieren, beraten und setzen mit Ihnen das neue Lagerkonzept um. Durch die Erfahrung unserer Mitarbeiter sind Kostenersparnisse m\u00f6glich. Beschaffungs-, Produktions- und Distributionslogistik Sie arbeiten mit dem Spezialisten f\u00fcr europaweite Teil- und Komplettladungen zusammen. \u00dcber 20 Jahre &hellip;<\/p>\n","protected":false},"author":1,"featured_media":0,"parent":232,"menu_order":0,"comment_status":"closed","ping_status":"closed","template":"","meta":{"_acf_changed":false,"footnotes":""},"class_list":["post-945","page","type-page","status-publish","hentry"],"acf":[],"_links":{"self":[{"href":"https:\/\/haafsts-logistik.de\/de\/wp-json\/wp\/v2\/pages\/945"}],"collection":[{"href":"https:\/\/haafsts-logistik.de\/de\/wp-json\/wp\/v2\/pages"}],"about":[{"href":"https:\/\/haafsts-logistik.de\/de\/wp-json\/wp\/v2\/types\/page"}],"author":[{"embeddable":true,"href":"https:\/\/haafsts-logistik.de\/de\/wp-json\/wp\/v2\/users\/1"}],"replies":[{"embeddable":true,"href":"https:\/\/haafsts-logistik.de\/de\/wp-json\/wp\/v2\/comments?post=945"}],"version-history":[{"count":5,"href":"https:\/\/haafsts-logistik.de\/de\/wp-json\/wp\/v2\/pages\/945\/revisions"}],"predecessor-version":[{"id":319985,"href":"https:\/\/haafsts-logistik.de\/de\/wp-json\/wp\/v2\/pages\/945\/revisions\/319985"}],"up":[{"embeddable":true,"href":"https:\/\/haafsts-logistik.de\/de\/wp-json\/wp\/v2\/pages\/232"}],"wp:attachment":[{"href":"https:\/\/haafsts-logistik.de\/de\/wp-json\/wp\/v2\/media?parent=945"}],"curies":[{"name":"wp","href":"https:\/\/api.w.org\/{rel}","templated":true}]}}