{"id":78,"date":"2015-04-23T11:19:03","date_gmt":"2015-04-23T11:19:03","guid":{"rendered":"http:\/\/xml-io.proteusthemes.com\/cargopress\/?page_id=78"},"modified":"2019-06-26T08:18:31","modified_gmt":"2019-06-26T06:18:31","slug":"lagerlogistik","status":"publish","type":"page","link":"https:\/\/haafsts-logistik.de\/de\/dienstleistungen\/lagerlogistik\/","title":{"rendered":"Lagerlogistik"},"content":{"rendered":"<div id=\"pl-78\"  class=\"panel-layout\" ><div id=\"pg-78-0\"  class=\"panel-grid panel-no-style\" ><div id=\"pgc-78-0-0\"  class=\"panel-grid-cell\" ><div id=\"panel-78-0-0-0\" class=\"so-panel widget widget_black-studio-tinymce widget_black_studio_tinymce panel-first-child panel-last-child\" data-index=\"0\" ><div class=\"textwidget\"><div id=\"innerpage-topic-text\">Lernen Sie die Lagerlogistik der HAAF-STS  Logistik kennen:<\/div>\n<h2 class=\"innerpage\">Logistik f\u00e4ngt mit der richtigen Organisation des Lagers an. Sowohl im Beschaffungs- als auch im Distributionsmarkt. <\/h2>\n<h5 class=\"innerpage\">Wir organisieren Ihre Logistikkette ab der Schnittstelle Maschine \u00fcber das Lager bis zu Ihrem Kunden. Ob im Block- oder im Regallager, f\u00fcr kleine oder gro\u00dfe Mengen: Wir optimieren Ihre Warenstr\u00f6me. So k\u00f6nnen Sie sich auf Ihr Kerngesch\u00e4ft konzentrieren.<\/h5>\n<p><strong>Lagergesch\u00e4ft, Transport oder doch ein Gesamtkonzept?<\/strong><br \/>Die HAAF-STS Kunden sch\u00e4tzen unsere Flexibilit\u00e4t. Wir bieten Ihnen gezielte L\u00f6sungen oder erarbeiten Gesamtkonzepte. Profitieren auch Sie von unseren M\u00f6glichkeiten:<\/p>\n<h3 class=\"innerpage\">Logistikzentrum B\u00e4renstein:<\/h3>\n<ul id=\"haaf-sts-page\">\n<li>6.700 qm Kundenlager<\/li>\n<li>Erweiterbar auf bis zu 8.000 qm<\/li>\n<\/ul>\n<h3 class=\"innerpage\">Dienstleistungen:<\/h3>\n<ul id=\"haaf-sts-page\">\n<li>Shuttleservice<\/li>\n<li>Einlagerung<\/li>\n<li>Kommisionierung<\/li>\n<li>IT-unterst\u00fctzte Abwicklung<\/li>\n<li>Lagerung&nbsp;&nbsp;( Block und Regal )<\/li>\n<li>Auslagerung<\/li>\n<li>Versandabwicklung<\/li>\n<li>Transportabwicklung<\/li>\n<\/ul>\n<h3 class=\"innerpage\">Mehr erfahren?<\/h3>\n<p>Dann besuchen Sie die neue Webseite des Logistikzentrum B\u00e4renstein. <a target=\"_blank\" href=\"https:\/\/lager-baerenstein.de\"><strong>www.lager-b\u00e4renstein.de<\/strong><\/a><\/p>\n<\/div><\/div><\/div><div id=\"pgc-78-0-1\"  class=\"panel-grid-cell\" ><div id=\"panel-78-0-1-0\" class=\"so-panel widget widget_black-studio-tinymce widget_black_studio_tinymce panel-first-child panel-last-child\" data-index=\"1\" ><div class=\"featured-widget panel-widget-style panel-widget-style-for-78-0-1-0\" ><div class=\"textwidget\"><div id=\"innerpage-topic-imgbox\">Das Lager bei HAAF-STS Logistik<br \/>\nsteht f\u00fcr <span style=\"font-weight: bold; letter-spacing: 1px;\">modernste Lagerlogistik:<\/span><\/div>\n<p><img loading=\"lazy\" decoding=\"async\" class=\"alignnone wp-image-1588 size-full\" src=\"https:\/\/haafsts-logistik.de\/de\/wp-content\/uploads\/sites\/10\/2017\/08\/haaf_sts_logistik.jpg\" alt=\"\" width=\"848\" height=\"480\" srcset=\"https:\/\/haafsts-logistik.de\/de\/wp-content\/uploads\/sites\/10\/2017\/08\/haaf_sts_logistik.jpg 848w, https:\/\/haafsts-logistik.de\/de\/wp-content\/uploads\/sites\/10\/2017\/08\/haaf_sts_logistik-300x170.jpg 300w, https:\/\/haafsts-logistik.de\/de\/wp-content\/uploads\/sites\/10\/2017\/08\/haaf_sts_logistik-768x435.jpg 768w, https:\/\/haafsts-logistik.de\/de\/wp-content\/uploads\/sites\/10\/2017\/08\/haaf_sts_logistik-360x204.jpg 360w, https:\/\/haafsts-logistik.de\/de\/wp-content\/uploads\/sites\/10\/2017\/08\/haaf_sts_logistik-20x11.jpg 20w\" sizes=\"(max-width: 848px) 100vw, 848px\" \/><\/p>\n<p><img loading=\"lazy\" decoding=\"async\" class=\"alignnone wp-image-1384 size-full\" src=\"https:\/\/haafsts-logistik.de\/de\/wp-content\/uploads\/sites\/10\/2015\/04\/lager_04.jpg\" alt=\"\" width=\"848\" height=\"480\" srcset=\"https:\/\/haafsts-logistik.de\/de\/wp-content\/uploads\/sites\/10\/2015\/04\/lager_04.jpg 848w, https:\/\/haafsts-logistik.de\/de\/wp-content\/uploads\/sites\/10\/2015\/04\/lager_04-300x170.jpg 300w, https:\/\/haafsts-logistik.de\/de\/wp-content\/uploads\/sites\/10\/2015\/04\/lager_04-768x435.jpg 768w, https:\/\/haafsts-logistik.de\/de\/wp-content\/uploads\/sites\/10\/2015\/04\/lager_04-360x204.jpg 360w, https:\/\/haafsts-logistik.de\/de\/wp-content\/uploads\/sites\/10\/2015\/04\/lager_04-20x11.jpg 20w\" sizes=\"(max-width: 848px) 100vw, 848px\" \/><\/p>\n<p><img loading=\"lazy\" decoding=\"async\" class=\"alignnone wp-image-1823 size-full\" src=\"https:\/\/haafsts-logistik.de\/de\/wp-content\/uploads\/sites\/10\/2018\/03\/haaf_sts_logistik_lagerlogistik.jpg\" alt=\"\" width=\"848\" height=\"480\" srcset=\"https:\/\/haafsts-logistik.de\/de\/wp-content\/uploads\/sites\/10\/2018\/03\/haaf_sts_logistik_lagerlogistik.jpg 848w, https:\/\/haafsts-logistik.de\/de\/wp-content\/uploads\/sites\/10\/2018\/03\/haaf_sts_logistik_lagerlogistik-300x170.jpg 300w, https:\/\/haafsts-logistik.de\/de\/wp-content\/uploads\/sites\/10\/2018\/03\/haaf_sts_logistik_lagerlogistik-768x435.jpg 768w, https:\/\/haafsts-logistik.de\/de\/wp-content\/uploads\/sites\/10\/2018\/03\/haaf_sts_logistik_lagerlogistik-360x204.jpg 360w, https:\/\/haafsts-logistik.de\/de\/wp-content\/uploads\/sites\/10\/2018\/03\/haaf_sts_logistik_lagerlogistik-20x11.jpg 20w\" sizes=\"(max-width: 848px) 100vw, 848px\" \/><\/p>\n<\/div><\/div><\/div><\/div><\/div><\/div>","protected":false},"excerpt":{"rendered":"<p>Lernen Sie die Lagerlogistik der HAAF-STS Logistik kennen: Logistik f\u00e4ngt mit der richtigen Organisation des Lagers an. Sowohl im Beschaffungs- als auch im Distributionsmarkt. Wir organisieren Ihre Logistikkette ab der Schnittstelle Maschine \u00fcber das Lager bis zu Ihrem Kunden. Ob im Block- oder im Regallager, f\u00fcr kleine oder gro\u00dfe Mengen: Wir optimieren Ihre Warenstr\u00f6me. So &hellip;<\/p>\n","protected":false},"author":1,"featured_media":1823,"parent":76,"menu_order":0,"comment_status":"closed","ping_status":"closed","template":"","meta":{"_acf_changed":false,"footnotes":""},"class_list":["post-78","page","type-page","status-publish","has-post-thumbnail","hentry"],"acf":[],"_links":{"self":[{"href":"https:\/\/haafsts-logistik.de\/de\/wp-json\/wp\/v2\/pages\/78"}],"collection":[{"href":"https:\/\/haafsts-logistik.de\/de\/wp-json\/wp\/v2\/pages"}],"about":[{"href":"https:\/\/haafsts-logistik.de\/de\/wp-json\/wp\/v2\/types\/page"}],"author":[{"embeddable":true,"href":"https:\/\/haafsts-logistik.de\/de\/wp-json\/wp\/v2\/users\/1"}],"replies":[{"embeddable":true,"href":"https:\/\/haafsts-logistik.de\/de\/wp-json\/wp\/v2\/comments?post=78"}],"version-history":[{"count":7,"href":"https:\/\/haafsts-logistik.de\/de\/wp-json\/wp\/v2\/pages\/78\/revisions"}],"predecessor-version":[{"id":319824,"href":"https:\/\/haafsts-logistik.de\/de\/wp-json\/wp\/v2\/pages\/78\/revisions\/319824"}],"up":[{"embeddable":true,"href":"https:\/\/haafsts-logistik.de\/de\/wp-json\/wp\/v2\/pages\/76"}],"wp:featuredmedia":[{"embeddable":true,"href":"https:\/\/haafsts-logistik.de\/de\/wp-json\/wp\/v2\/media\/1823"}],"wp:attachment":[{"href":"https:\/\/haafsts-logistik.de\/de\/wp-json\/wp\/v2\/media?parent=78"}],"curies":[{"name":"wp","href":"https:\/\/api.w.org\/{rel}","templated":true}]}}