{"id":76,"date":"2015-04-23T11:04:51","date_gmt":"2015-04-23T11:04:51","guid":{"rendered":"http:\/\/xml-io.proteusthemes.com\/cargopress\/?page_id=76"},"modified":"2015-04-23T11:04:51","modified_gmt":"2015-04-23T11:04:51","slug":"dienstleistungen","status":"publish","type":"page","link":"https:\/\/haafsts-logistik.de\/de\/dienstleistungen\/","title":{"rendered":"Dienstleistungen"},"content":{"rendered":"<div id=\"pl-76\"  class=\"panel-layout\" ><div id=\"pg-76-0\"  class=\"panel-grid panel-no-style\" ><div id=\"pgc-76-0-0\"  class=\"panel-grid-cell\" ><div id=\"panel-76-0-0-0\" class=\"so-panel widget widget_pw_featured_page widget-featured-page panel-first-child\" data-index=\"0\" >\n\n\t<div class=\"page-box  page-box--block\">\n\t\t\t<a class=\"page-box__picture\" href=\"https:\/\/haafsts-logistik.de\/de\/dienstleistungen\/spedition\/\"><img loading=\"lazy\" decoding=\"async\" src=\"https:\/\/haafsts-logistik.de\/de\/wp-content\/uploads\/sites\/10\/2017\/08\/haaf_sts_hero_f2-360x240.jpg\" width=\"360\" height=\"240\" srcset=\"https:\/\/haafsts-logistik.de\/de\/wp-content\/uploads\/sites\/10\/2017\/08\/haaf_sts_hero_f2-360x240.jpg 360w, https:\/\/haafsts-logistik.de\/de\/wp-content\/uploads\/sites\/10\/2017\/08\/haaf_sts_hero_f2.jpg 848w\" sizes=\"(min-width: 992px) 360px, calc(100vw - 30px)\" class=\"wp-post-image\" alt=\"Spedition\"><\/a>\n\t\t<div class=\"page-box__content\">\n\t\t\t<h5 class=\"page-box__title  text-uppercase\"><a href=\"https:\/\/haafsts-logistik.de\/de\/dienstleistungen\/spedition\/\">Spedition<\/a><\/h5>\n\t\t\t<p>Lernen Sie die Speditionsleistungen der HAAF-STS Logistik kennen: In der europaweiten Beschaffungs- und Distributionslogistik im Bereich Teilladungen und \u2028Komplettladungen sind wir die Spezialisten. Nennen Sie uns Ihre Aufgabenstellung &hellip;<\/p>\n\t\t\t\t<p><a href=\"https:\/\/haafsts-logistik.de\/de\/dienstleistungen\/spedition\/\" class=\"read-more  read-more--page-box\">Mehr erfahren<\/a><\/p>\n\t\t<\/div>\n\t<\/div>\n\n<\/div><div id=\"panel-76-0-0-1\" class=\"so-panel widget widget_pw_featured_page widget-featured-page panel-last-child\" data-index=\"1\" >\n\n\t<div class=\"page-box  page-box--block\">\n\t\t\t<a class=\"page-box__picture\" href=\"https:\/\/haafsts-logistik.de\/de\/dienstleistungen\/lkw-equipment\/\"><img loading=\"lazy\" decoding=\"async\" src=\"https:\/\/haafsts-logistik.de\/de\/wp-content\/uploads\/sites\/10\/2017\/08\/haaf_sts_hero_09-360x240.jpg\" width=\"360\" height=\"240\" srcset=\"https:\/\/haafsts-logistik.de\/de\/wp-content\/uploads\/sites\/10\/2017\/08\/haaf_sts_hero_09-360x240.jpg 360w, https:\/\/haafsts-logistik.de\/de\/wp-content\/uploads\/sites\/10\/2017\/08\/haaf_sts_hero_09.jpg 848w\" sizes=\"(min-width: 992px) 360px, calc(100vw - 30px)\" class=\"wp-post-image\" alt=\"LKW-Equipment\"><\/a>\n\t\t<div class=\"page-box__content\">\n\t\t\t<h5 class=\"page-box__title  text-uppercase\"><a href=\"https:\/\/haafsts-logistik.de\/de\/dienstleistungen\/lkw-equipment\/\">LKW-Equipment<\/a><\/h5>\n\t\t\t<p>HAAF-STS Logistik setzt auf modernstes LKW-Equipment: Die moderne LKW-Flotte von HAAF-STS Logistik passt sich Ihren Transportw\u00fcnschen an. Ob Volumen- oder Schwergut, Coil oder Thermo-Equipment: So werden Ihre Waren im richtigen Gef\u00e4\u00df zum &hellip;<\/p>\n\t\t\t\t<p><a href=\"https:\/\/haafsts-logistik.de\/de\/dienstleistungen\/lkw-equipment\/\" class=\"read-more  read-more--page-box\">Mehr erfahren<\/a><\/p>\n\t\t<\/div>\n\t<\/div>\n\n<\/div><\/div><div id=\"pgc-76-0-1\"  class=\"panel-grid-cell\" ><div id=\"panel-76-0-1-0\" class=\"so-panel widget widget_pw_featured_page widget-featured-page panel-first-child\" data-index=\"2\" >\n\n\t<div class=\"page-box  page-box--block\">\n\t\t\t<a class=\"page-box__picture\" href=\"https:\/\/haafsts-logistik.de\/de\/dienstleistungen\/lagerlogistik\/\"><img loading=\"lazy\" decoding=\"async\" src=\"https:\/\/haafsts-logistik.de\/de\/wp-content\/uploads\/sites\/10\/2018\/03\/haaf_sts_logistik_lagerlogistik-360x240.jpg\" width=\"360\" height=\"240\" srcset=\"https:\/\/haafsts-logistik.de\/de\/wp-content\/uploads\/sites\/10\/2018\/03\/haaf_sts_logistik_lagerlogistik-360x240.jpg 360w, https:\/\/haafsts-logistik.de\/de\/wp-content\/uploads\/sites\/10\/2018\/03\/haaf_sts_logistik_lagerlogistik.jpg 848w\" sizes=\"(min-width: 992px) 360px, calc(100vw - 30px)\" class=\"wp-post-image\" alt=\"Lagerlogistik\"><\/a>\n\t\t<div class=\"page-box__content\">\n\t\t\t<h5 class=\"page-box__title  text-uppercase\"><a href=\"https:\/\/haafsts-logistik.de\/de\/dienstleistungen\/lagerlogistik\/\">Lagerlogistik<\/a><\/h5>\n\t\t\t<p>Lernen Sie die Lagerlogistik der HAAF-STS Logistik kennen: Logistik f\u00e4ngt mit der richtigen Organisation des Lagers an. Sowohl im Beschaffungs- als auch im Distributionsmarkt. Wir organisieren Ihre Logistikkette ab der Schnittstelle Maschine &hellip;<\/p>\n\t\t\t\t<p><a href=\"https:\/\/haafsts-logistik.de\/de\/dienstleistungen\/lagerlogistik\/\" class=\"read-more  read-more--page-box\">Mehr erfahren<\/a><\/p>\n\t\t<\/div>\n\t<\/div>\n\n<\/div><div id=\"panel-76-0-1-1\" class=\"so-panel widget widget_pw_featured_page widget-featured-page panel-last-child\" data-index=\"3\" >\n\n\t<div class=\"page-box  page-box--block\">\n\t\t\t<a class=\"page-box__picture\" href=\"https:\/\/haafsts-logistik.de\/de\/dienstleistungen\/laender\/\"><img loading=\"lazy\" decoding=\"async\" src=\"https:\/\/haafsts-logistik.de\/de\/wp-content\/uploads\/sites\/10\/2017\/08\/haaf_sts_hero_07-360x240.jpg\" width=\"360\" height=\"240\" srcset=\"https:\/\/haafsts-logistik.de\/de\/wp-content\/uploads\/sites\/10\/2017\/08\/haaf_sts_hero_07-360x240.jpg 360w, https:\/\/haafsts-logistik.de\/de\/wp-content\/uploads\/sites\/10\/2017\/08\/haaf_sts_hero_07.jpg 848w\" sizes=\"(min-width: 992px) 360px, calc(100vw - 30px)\" class=\"wp-post-image\" alt=\"L\u00e4nder\"><\/a>\n\t\t<div class=\"page-box__content\">\n\t\t\t<h5 class=\"page-box__title  text-uppercase\"><a href=\"https:\/\/haafsts-logistik.de\/de\/dienstleistungen\/laender\/\">L\u00e4nder<\/a><\/h5>\n\t\t\t<p>Das Einsatzgebiet der HAAF-STS Logistik: Hier fahren wir f\u00fcr Sie hin: Unsere Schwerpunktl\u00e4nder im LKW Verkehr f\u00fcr Ihre Warenstr\u00f6me: Europe L\u00e4nder:&nbsp; D, GB, Benelux,&nbsp; F, CH, A, E, P, GR&nbsp; und Ost Europa.&nbsp; Der Fuhrpark &hellip;<\/p>\n\t\t\t\t<p><a href=\"https:\/\/haafsts-logistik.de\/de\/dienstleistungen\/laender\/\" class=\"read-more  read-more--page-box\">Mehr erfahren<\/a><\/p>\n\t\t<\/div>\n\t<\/div>\n\n<\/div><\/div><div id=\"pgc-76-0-2\"  class=\"panel-grid-cell\" ><div id=\"panel-76-0-2-0\" class=\"so-panel widget widget_pw_featured_page widget-featured-page panel-first-child panel-last-child\" data-index=\"4\" >\n\n\t<div class=\"page-box  page-box--block\">\n\t\t\t<a class=\"page-box__picture\" href=\"https:\/\/haafsts-logistik.de\/de\/dienstleistungen\/transport\/\"><img loading=\"lazy\" decoding=\"async\" src=\"https:\/\/haafsts-logistik.de\/de\/wp-content\/uploads\/sites\/10\/2017\/08\/haaf_sts_logistik_transport-360x240.jpg\" width=\"360\" height=\"240\" srcset=\"https:\/\/haafsts-logistik.de\/de\/wp-content\/uploads\/sites\/10\/2017\/08\/haaf_sts_logistik_transport-360x240.jpg 360w, https:\/\/haafsts-logistik.de\/de\/wp-content\/uploads\/sites\/10\/2017\/08\/haaf_sts_logistik_transport.jpg 848w\" sizes=\"(min-width: 992px) 360px, calc(100vw - 30px)\" class=\"wp-post-image\" alt=\"Transport\"><\/a>\n\t\t<div class=\"page-box__content\">\n\t\t\t<h5 class=\"page-box__title  text-uppercase\"><a href=\"https:\/\/haafsts-logistik.de\/de\/dienstleistungen\/transport\/\">Transport<\/a><\/h5>\n\t\t\t<p>Lernen Sie die Transportleistungen der HAAF-STS Logistik kennen: Die HAAF-STS Logistik GmbH wurde 1997 gegr\u00fcndet und ist spezialisiert auf die europaweite Bef\u00f6rderung von Teilladungen und Komplettladungen. Unsere Schnelligkeit ist Ihr Vorteil. &hellip;<\/p>\n\t\t\t\t<p><a href=\"https:\/\/haafsts-logistik.de\/de\/dienstleistungen\/transport\/\" class=\"read-more  read-more--page-box\">Mehr erfahren<\/a><\/p>\n\t\t<\/div>\n\t<\/div>\n\n<\/div><\/div><\/div><\/div>","protected":false},"excerpt":{"rendered":"<p>Spedition Lernen Sie die Speditionsleistungen der HAAF-STS Logistik kennen: In der europaweiten Beschaffungs- und Distributionslogistik im Bereich Teilladungen und \u2028Komplettladungen sind wir die Spezialisten. Nennen Sie uns Ihre Aufgabenstellung &hellip; Mehr erfahren LKW-Equipment HAAF-STS Logistik setzt auf modernstes LKW-Equipment: Die moderne LKW-Flotte von HAAF-STS Logistik passt sich Ihren Transportw\u00fcnschen an. Ob Volumen- oder Schwergut, Coil &hellip;<\/p>\n","protected":false},"author":1,"featured_media":0,"parent":0,"menu_order":0,"comment_status":"closed","ping_status":"closed","template":"","meta":{"_acf_changed":false,"footnotes":""},"class_list":["post-76","page","type-page","status-publish","hentry"],"acf":[],"_links":{"self":[{"href":"https:\/\/haafsts-logistik.de\/de\/wp-json\/wp\/v2\/pages\/76"}],"collection":[{"href":"https:\/\/haafsts-logistik.de\/de\/wp-json\/wp\/v2\/pages"}],"about":[{"href":"https:\/\/haafsts-logistik.de\/de\/wp-json\/wp\/v2\/types\/page"}],"author":[{"embeddable":true,"href":"https:\/\/haafsts-logistik.de\/de\/wp-json\/wp\/v2\/users\/1"}],"replies":[{"embeddable":true,"href":"https:\/\/haafsts-logistik.de\/de\/wp-json\/wp\/v2\/comments?post=76"}],"version-history":[{"count":0,"href":"https:\/\/haafsts-logistik.de\/de\/wp-json\/wp\/v2\/pages\/76\/revisions"}],"wp:attachment":[{"href":"https:\/\/haafsts-logistik.de\/de\/wp-json\/wp\/v2\/media?parent=76"}],"curies":[{"name":"wp","href":"https:\/\/api.w.org\/{rel}","templated":true}]}}