{"id":687,"date":"2017-08-13T15:51:40","date_gmt":"2017-08-13T13:51:40","guid":{"rendered":"https:\/\/haafsts.afema24.com\/unternehmen\/?page_id=687"},"modified":"2017-08-13T15:51:40","modified_gmt":"2017-08-13T13:51:40","slug":"vorteile","status":"publish","type":"page","link":"https:\/\/haafsts-logistik.de\/de\/unternehmen\/vorteile\/","title":{"rendered":"33 gute Gr\u00fcnde"},"content":{"rendered":"<div id=\"pl-687\"  class=\"panel-layout\" ><div id=\"pg-687-0\"  class=\"panel-grid panel-no-style\" ><div id=\"pgc-687-0-0\"  class=\"panel-grid-cell\" ><div id=\"panel-687-0-0-0\" class=\"so-panel widget widget_pw_icon_box widget-icon-box panel-first-child\" data-index=\"0\" ><div class=\"panel-widget-style panel-widget-style-for-687-0-0-0\" >\n\n\t\t<div class=\"icon-box\">\n\n\t\t<i class=\"fa  fa-phone\"><\/i>\n\t\t<h4 class=\"icon-box__title\">24\/7 NOTFALL HANDY<\/h4>\n\t\t<span class=\"icon-box__subtitle\">Sie erreichen uns im Notfall 24 Stunden am Tag und 7 Tage die Woche unter der Telefon--Nr. 0171 612 67 80.<\/span>\n\n\t\t<\/div>\n\n<\/div><\/div><div id=\"panel-687-0-0-1\" class=\"so-panel widget widget_pw_icon_box widget-icon-box\" data-index=\"1\" ><div class=\"panel-widget-style panel-widget-style-for-687-0-0-1\" >\n\n\t\t<div class=\"icon-box\">\n\n\t\t<i class=\"fa  fa-comments\"><\/i>\n\t\t<h4 class=\"icon-box__title\">BERATUNG<\/h4>\n\t\t<span class=\"icon-box__subtitle\">Sie erhalten mehr als nur Transportdienstleistungen, wie z. B. Tipps zur Verpackung und Hilfreiches zur Transportsicherung, damit Ihre Waren sicher bei Ihrem Empf\u00e4nger ankommen.<\/span>\n\n\t\t<\/div>\n\n<\/div><\/div><div id=\"panel-687-0-0-2\" class=\"so-panel widget widget_pw_icon_box widget-icon-box\" data-index=\"2\" ><div class=\"panel-widget-style panel-widget-style-for-687-0-0-2\" >\n\n\t\t<div class=\"icon-box\">\n\n\t\t<i class=\"fa  fa-home\"><\/i>\n\t\t<h4 class=\"icon-box__title\">DIREKTVERLADUNG<\/h4>\n\t\t<span class=\"icon-box__subtitle\">Ihre Ware wird immer im Direktverkehr zu Ihrem Empf\u00e4nger transportiert. (Ausnahme L\u00e4nder - z.B. IRL und GR -, die \u00fcber ein Distributionslager verladen werden.)<\/span>\n\n\t\t<\/div>\n\n<\/div><\/div><div id=\"panel-687-0-0-3\" class=\"so-panel widget widget_pw_icon_box widget-icon-box\" data-index=\"3\" ><div class=\"panel-widget-style panel-widget-style-for-687-0-0-3\" >\n\n\t\t<div class=\"icon-box\">\n\n\t\t<i class=\"fa  fa-bell-o\"><\/i>\n\t\t<h4 class=\"icon-box__title\">EMPF\u00c4NGER-AVISIERUNG<\/h4>\n\t\t<span class=\"icon-box__subtitle\">Nennen Sie uns Ihren Ansprechpartner und Ihr Empf\u00e4nger wird informiert, wann die Sendung kommt.<\/span>\n\n\t\t<\/div>\n\n<\/div><\/div><div id=\"panel-687-0-0-4\" class=\"so-panel widget widget_pw_icon_box widget-icon-box\" data-index=\"4\" ><div class=\"panel-widget-style panel-widget-style-for-687-0-0-4\" >\n\n\t\t<div class=\"icon-box\">\n\n\t\t<i class=\"fa  fa-compress\"><\/i>\n\t\t<h4 class=\"icon-box__title\">FLEXIBILIT\u00c4T<\/h4>\n\t\t<span class=\"icon-box__subtitle\">Ihre Ware wird noch am selben Tag, sp\u00e4testens 24 Stunden nach Ihrer Anmeldung, bei Ihnen abgeholt.<\/span>\n\n\t\t<\/div>\n\n<\/div><\/div><div id=\"panel-687-0-0-5\" class=\"so-panel widget widget_pw_icon_box widget-icon-box\" data-index=\"5\" ><div class=\"panel-widget-style panel-widget-style-for-687-0-0-5\" >\n\n\t\t<div class=\"icon-box\">\n\n\t\t<i class=\"fa  fa-truck\"><\/i>\n\t\t<h4 class=\"icon-box__title\">JUMBO-LKW MIT MITNAHMESTAPLER<\/h4>\n\t\t<span class=\"icon-box__subtitle\">Ihr Empf\u00e4nger hat auf der Baustelle keinen Stapler? Dann bringen wir den Stapler mit!<\/span>\n\n\t\t<\/div>\n\n<\/div><\/div><div id=\"panel-687-0-0-6\" class=\"so-panel widget widget_pw_icon_box widget-icon-box\" data-index=\"6\" ><div class=\"panel-widget-style panel-widget-style-for-687-0-0-6\" >\n\n\t\t<div class=\"icon-box\">\n\n\t\t<i class=\"fa  fa-phone\"><\/i>\n\t\t<h4 class=\"icon-box__title\">KOSTENLOSE TELEFONISCHE ANMELDUNG<\/h4>\n\t\t<span class=\"icon-box__subtitle\">Die Anmeldung aus dem deutschen Festnetz ist kostenlos: 0800 4223 787.<\/span>\n\n\t\t<\/div>\n\n<\/div><\/div><div id=\"panel-687-0-0-7\" class=\"so-panel widget widget_pw_icon_box widget-icon-box\" data-index=\"7\" ><div class=\"panel-widget-style panel-widget-style-for-687-0-0-7\" >\n\n\t\t<div class=\"icon-box\">\n\n\t\t<i class=\"fa  fa-truck\"><\/i>\n\t\t<h4 class=\"icon-box__title\">LKW-KENNZEICHEN<\/h4>\n\t\t<span class=\"icon-box__subtitle\">Sie erhalten nach Ihrer Anmeldung auf Wunsch das LKW-Kennzeichen, um bei der Verladung in Ihrem Werk den richtigen LKW zu beladen.<\/span>\n\n\t\t<\/div>\n\n<\/div><\/div><div id=\"panel-687-0-0-8\" class=\"so-panel widget widget_pw_icon_box widget-icon-box\" data-index=\"8\" ><div class=\"panel-widget-style panel-widget-style-for-687-0-0-8\" >\n\n\t\t<div class=\"icon-box\">\n\n\t\t<i class=\"fa  fa-info\"><\/i>\n\t\t<h4 class=\"icon-box__title\">R\u00dcCKMELDUNG<\/h4>\n\t\t<span class=\"icon-box__subtitle\">Auf Wunsch erhalten Sie bei all Ihren Teil- und Komplettladungen direkt nach der Entladung eine schriftliche Information \u00fcber den Zeitpunkt und Art der Auslieferung.<\/span>\n\n\t\t<\/div>\n\n<\/div><\/div><div id=\"panel-687-0-0-9\" class=\"so-panel widget widget_pw_icon_box widget-icon-box\" data-index=\"9\" ><div class=\"panel-widget-style panel-widget-style-for-687-0-0-9\" >\n\n\t\t<div class=\"icon-box\">\n\n\t\t<i class=\"fa  fa-window-maximize\"><\/i>\n\t\t<h4 class=\"icon-box__title\">TEIL- UND KOMPLETTLADUNG<\/h4>\n\t\t<span class=\"icon-box__subtitle\">Sie arbeiten mit dem Spezialisten f\u00fcr europaweite Teil- und Komplettladungen zusammen. Dadurch k\u00f6nnen Sie sich ausschlie\u00dflich auf Ihr Gesch\u00e4ft konzentrieren.<\/span>\n\n\t\t<\/div>\n\n<\/div><\/div><div id=\"panel-687-0-0-10\" class=\"so-panel widget widget_pw_icon_box widget-icon-box panel-last-child\" data-index=\"10\" ><div class=\"panel-widget-style panel-widget-style-for-687-0-0-10\" >\n\n\t\t<div class=\"icon-box\">\n\n\t\t<i class=\"fa  fa-location-arrow\"><\/i>\n\t\t<h4 class=\"icon-box__title\">VOR-ORT-SERVICE<\/h4>\n\t\t<span class=\"icon-box__subtitle\">Bei schwierigen Transportvolumen kommen wir zu Ihnen und schauen uns die zu transportierenden Waren vor dem Transport an und beraten Sie gerne.<\/span>\n\n\t\t<\/div>\n\n<\/div><\/div><\/div><div id=\"pgc-687-0-1\"  class=\"panel-grid-cell\" ><div id=\"panel-687-0-1-0\" class=\"so-panel widget widget_pw_icon_box widget-icon-box panel-first-child\" data-index=\"11\" ><div class=\"panel-widget-style panel-widget-style-for-687-0-1-0\" >\n\n\t\t<div class=\"icon-box\">\n\n\t\t<i class=\"fa  fa-search\"><\/i>\n\t\t<h4 class=\"icon-box__title\">ANALYSE<\/h4>\n\t\t<span class=\"icon-box__subtitle\">Haben Sie ein Logistikproblem, bei dem wir Ihnen helfen k\u00f6nnen? Lassen Sie uns gemeinsam eine L\u00f6sung erarbeiten. Schnell, flexibel und kosteng\u00fcnstig.<\/span>\n\n\t\t<\/div>\n\n<\/div><\/div><div id=\"panel-687-0-1-1\" class=\"so-panel widget widget_pw_icon_box widget-icon-box\" data-index=\"12\" ><div class=\"panel-widget-style panel-widget-style-for-687-0-1-1\" >\n\n\t\t<div class=\"icon-box\">\n\n\t\t<i class=\"fa  fa-globe\"><\/i>\n\t\t<h4 class=\"icon-box__title\">BESCHAFFUNGSLOGISTIK<\/h4>\n\t\t<span class=\"icon-box__subtitle\">Kaufen Sie europaweit ein? Ihre Waren werden europaweit \u00fcbernommen und p\u00fcnktlich bei Ihnen zu festgelegten Preisen ins Werk geliefert.<\/span>\n\n\t\t<\/div>\n\n<\/div><\/div><div id=\"panel-687-0-1-2\" class=\"so-panel widget widget_pw_icon_box widget-icon-box\" data-index=\"13\" ><div class=\"panel-widget-style panel-widget-style-for-687-0-1-2\" >\n\n\t\t<div class=\"icon-box\">\n\n\t\t<i class=\"fa  fa-sitemap\"><\/i>\n\t\t<h4 class=\"icon-box__title\">DISTRIBUTIONSLOGISTIK<\/h4>\n\t\t<span class=\"icon-box__subtitle\">Sie verkaufen Ihre Waren und brauchen sich keine Sorgen \u00fcber den Transport zu machen. Europaweite Zustellung garantiert Ihnen die n\u00f6tige Flexibilit\u00e4t.<\/span>\n\n\t\t<\/div>\n\n<\/div><\/div><div id=\"panel-687-0-1-3\" class=\"so-panel widget widget_pw_icon_box widget-icon-box\" data-index=\"14\" ><div class=\"panel-widget-style panel-widget-style-for-687-0-1-3\" >\n\n\t\t<div class=\"icon-box\">\n\n\t\t<i class=\"fa  fa-users\"><\/i>\n\t\t<h4 class=\"icon-box__title\">ERFAHRENE MITARBEITER<\/h4>\n\t\t<span class=\"icon-box__subtitle\">Das bedeutet f\u00fcr Sie eine maximale Sicherheit f\u00fcr Ihre Transportprojekte, weil Sie auf ein Team langj\u00e4hriger Mitarbeiter zur\u00fcckgreifen, die wissen worauf zu achten ist.<\/span>\n\n\t\t<\/div>\n\n<\/div><\/div><div id=\"panel-687-0-1-4\" class=\"so-panel widget widget_pw_icon_box widget-icon-box\" data-index=\"15\" ><div class=\"panel-widget-style panel-widget-style-for-687-0-1-4\" >\n\n\t\t<div class=\"icon-box\">\n\n\t\t<i class=\"fa  fa-users\"><\/i>\n\t\t<h4 class=\"icon-box__title\">HAAF-STS  LOGISTIK-GARANTIE<\/h4>\n\t\t<span class=\"icon-box__subtitle\">HAAF-STS Logistik garantiert Ihnen zu 100 %, dass Ihre Ware (als Teil- und Komplettladung) zu dem von uns schriftlich best\u00e4tigten Termin bei Ihrem Empf\u00e4nger eintrifft - europaweit. Sollte HAAF-STS  Logistik den Termin nicht einhalten k\u00f6nnen, erhalten Sie 100 % der an uns zu zahlenden Frachtkosten f\u00fcr diesen Auftrag zur\u00fcck. Dies gilt f\u00fcr alle Versp\u00e4tungen, ausgenommen h\u00f6here Gewalt.<\/span>\n\n\t\t<\/div>\n\n<\/div><\/div><div id=\"panel-687-0-1-5\" class=\"so-panel widget widget_pw_icon_box widget-icon-box\" data-index=\"16\" ><div class=\"panel-widget-style panel-widget-style-for-687-0-1-5\" >\n\n\t\t<div class=\"icon-box\">\n\n\t\t<i class=\"fa  fa-sitemap\"><\/i>\n\t\t<h4 class=\"icon-box__title\">KLARE STRUKTUREN<\/h4>\n\t\t<span class=\"icon-box__subtitle\">Sie profitieren von der jahrelangen Erfahrung und von den klaren Strukturen im Unternehmen.<\/span>\n\n\t\t<\/div>\n\n<\/div><\/div><div id=\"panel-687-0-1-6\" class=\"so-panel widget widget_pw_icon_box widget-icon-box\" data-index=\"17\" ><div class=\"panel-widget-style panel-widget-style-for-687-0-1-6\" >\n\n\t\t<div class=\"icon-box\">\n\n\t\t<i class=\"fa  fa-users\"><\/i>\n\t\t<h4 class=\"icon-box__title\">KURZE KOMMUNIKATIONSWEGE<\/h4>\n\t\t<span class=\"icon-box__subtitle\">F\u00fcr Ihre Fragen ist immer ein pers\u00f6nlicher Ansprechpartner f\u00fcr Sie da.<\/span>\n\n\t\t<\/div>\n\n<\/div><\/div><div id=\"panel-687-0-1-7\" class=\"so-panel widget widget_pw_icon_box widget-icon-box\" data-index=\"18\" ><div class=\"panel-widget-style panel-widget-style-for-687-0-1-7\" >\n\n\t\t<div class=\"icon-box\">\n\n\t\t<i class=\"fa  fa-truck\"><\/i>\n\t\t<h4 class=\"icon-box__title\">LKW-EQUIPMENT<\/h4>\n\t\t<span class=\"icon-box__subtitle\">LKW mit Sattelauflieger, Megatrailer und\/oder Thermo bringen Ihre Waren europaweit zu Ihren Kunden. F\u00fcr Ihr Gut - immer der richtige LKW.<\/span>\n\n\t\t<\/div>\n\n<\/div><\/div><div id=\"panel-687-0-1-8\" class=\"so-panel widget widget_pw_icon_box widget-icon-box\" data-index=\"19\" ><div class=\"panel-widget-style panel-widget-style-for-687-0-1-8\" >\n\n\t\t<div class=\"icon-box\">\n\n\t\t<i class=\"fa  fa-exclamation-triangle\"><\/i>\n\t\t<h4 class=\"icon-box__title\">SCHWERTRANSPORTE<\/h4>\n\t\t<span class=\"icon-box__subtitle\">Sie sagen nur, wo es hingehen soll. Den Rest wie z.B. Genehmigungen f\u00fcr \u00dcberbreite, \u00dcbergewicht, \u00dcberl\u00e4nge sowie Fahrwegbeschreibungen erledigen wir f\u00fcr Sie.<\/span>\n\n\t\t<\/div>\n\n<\/div><\/div><div id=\"panel-687-0-1-9\" class=\"so-panel widget widget_pw_icon_box widget-icon-box\" data-index=\"20\" ><div class=\"panel-widget-style panel-widget-style-for-687-0-1-9\" >\n\n\t\t<div class=\"icon-box\">\n\n\t\t<i class=\"fa  fa-line-chart\"><\/i>\n\t\t<h4 class=\"icon-box__title\">UMZ\u00dcGE VON PRODUKTIONSANLAGEN<\/h4>\n\t\t<span class=\"icon-box__subtitle\">Sie haben einen Umzug geplant? Lassen Sie uns vor Ort dar\u00fcber reden. Eine kosteng\u00fcnstige, sichere und schnelle Abwicklung k\u00f6nnen Sie voraussetzen.<\/span>\n\n\t\t<\/div>\n\n<\/div><\/div><div id=\"panel-687-0-1-10\" class=\"so-panel widget widget_pw_icon_box widget-icon-box panel-last-child\" data-index=\"21\" ><div class=\"panel-widget-style panel-widget-style-for-687-0-1-10\" >\n\n\t\t<div class=\"icon-box\">\n\n\t\t<i class=\"fa  fa-flask\"><\/i>\n\t\t<h4 class=\"icon-box__title\">WEITERENTWICKLUNG VON BESTEHENDEN VERKEHREN<\/h4>\n\t\t<span class=\"icon-box__subtitle\">Dadurch haben Sie die M\u00f6glichkeit, Ihre Waren auch in andere L\u00e4nder \u00fcber uns zu verladen und gleichzeitig den gewohnten Service zu genie\u00dfen.<\/span>\n\n\t\t<\/div>\n\n<\/div><\/div><\/div><div id=\"pgc-687-0-2\"  class=\"panel-grid-cell\" ><div id=\"panel-687-0-2-0\" class=\"so-panel widget widget_pw_icon_box widget-icon-box panel-first-child\" data-index=\"22\" ><div class=\"panel-widget-style panel-widget-style-for-687-0-2-0\" >\n\n\t\t<div class=\"icon-box\">\n\n\t\t<i class=\"fa  fa-users\"><\/i>\n\t\t<h4 class=\"icon-box__title\">BEGEISTERTE KUNDEN SIND UNSERE REFERENZ<\/h4>\n\t\t<span class=\"icon-box__subtitle\">Papier ist geduldig - nutzen Sie die Chance, mit Kunden der HAAF-STS Logistik auch vorab pers\u00f6nlich in Kontakt zu treten, um unsere Dienstleistung beurteilen zu lassen. Fragen Sie uns nach Referenzen.<\/span>\n\n\t\t<\/div>\n\n<\/div><\/div><div id=\"panel-687-0-2-1\" class=\"so-panel widget widget_pw_icon_box widget-icon-box\" data-index=\"23\" ><div class=\"panel-widget-style panel-widget-style-for-687-0-2-1\" >\n\n\t\t<div class=\"icon-box\">\n\n\t\t<i class=\"fa  fa-truck\"><\/i>\n\t\t<h4 class=\"icon-box__title\">COIL-TRANSPORTE<\/h4>\n\t\t<span class=\"icon-box__subtitle\">Sattelauflieger mit Coil-Mulde bis zu einem St\u00fcckgewicht von 30t sind f\u00fcr Sie im Einsatz.<\/span>\n\n\t\t<\/div>\n\n<\/div><\/div><div id=\"panel-687-0-2-2\" class=\"so-panel widget widget_pw_icon_box widget-icon-box\" data-index=\"24\" ><div class=\"panel-widget-style panel-widget-style-for-687-0-2-2\" >\n\n\t\t<div class=\"icon-box\">\n\n\t\t<i class=\"fa  fa-file-text-o\"><\/i>\n\t\t<h4 class=\"icon-box__title\">DOKUMENTATION<\/h4>\n\t\t<span class=\"icon-box__subtitle\">Sie erhalten mit jeder Transportkostenrechnung den dazugeh\u00f6rigen quittierten Ablieferbeleg.<\/span>\n\n\t\t<\/div>\n\n<\/div><\/div><div id=\"panel-687-0-2-3\" class=\"so-panel widget widget_pw_icon_box widget-icon-box\" data-index=\"25\" ><div class=\"panel-widget-style panel-widget-style-for-687-0-2-3\" >\n\n\t\t<div class=\"icon-box\">\n\n\t\t<i class=\"fa  fa-phone\"><\/i>\n\t\t<h4 class=\"icon-box__title\">ERREICHBARKEIT<\/h4>\n\t\t<span class=\"icon-box__subtitle\">E-Mail: disposition@haaf-sts-logistik.de, <br \/>Internet: www.haaf-sts-logistik.de, <br \/>Telefon: 02392 8087-0, <br \/>Telefax: 02392 8087-122<\/span>\n\n\t\t<\/div>\n\n<\/div><\/div><div id=\"panel-687-0-2-4\" class=\"so-panel widget widget_pw_icon_box widget-icon-box\" data-index=\"26\" ><div class=\"panel-widget-style panel-widget-style-for-687-0-2-4\" >\n\n\t\t<div class=\"icon-box\">\n\n\t\t<i class=\"fa  fa-sitemap\"><\/i>\n\t\t<h4 class=\"icon-box__title\">INTERNATIONALES NETZWERK<\/h4>\n\t\t<span class=\"icon-box__subtitle\">Sie nutzen ein internationales Netzwerk von Verbindungen und Beziehungen, um Ihre Waren zum richtigen Zeitpunkt am richtigen Ort zuzustellen.<\/span>\n\n\t\t<\/div>\n\n<\/div><\/div><div id=\"panel-687-0-2-5\" class=\"so-panel widget widget_pw_icon_box widget-icon-box\" data-index=\"27\" ><div class=\"panel-widget-style panel-widget-style-for-687-0-2-5\" >\n\n\t\t<div class=\"icon-box\">\n\n\t\t<i class=\"fa  fa-user-circle\"><\/i>\n\t\t<h4 class=\"icon-box__title\">KONTAKT ZUR GESCH\u00c4FTSLEITUNG<\/h4>\n\t\t<span class=\"icon-box__subtitle\">F\u00fcr Sie sind kurze Entscheidungswege ein Vorteil? Die inhabergef\u00fchrte Struktur ist die Basis daf\u00fcr.<\/span>\n\n\t\t<\/div>\n\n<\/div><\/div><div id=\"panel-687-0-2-6\" class=\"so-panel widget widget_pw_icon_box widget-icon-box\" data-index=\"28\" ><div class=\"panel-widget-style panel-widget-style-for-687-0-2-6\" >\n\n\t\t<div class=\"icon-box\">\n\n\t\t<i class=\"fa  fa-cogs\"><\/i>\n\t\t<h4 class=\"icon-box__title\">LAGERLOGISTIK<\/h4>\n\t\t<span class=\"icon-box__subtitle\">Sie m\u00f6chten Ihr Lager neu organisieren? Rufen Sie uns an. Wir analysieren, beraten und setzen mit Ihnen das neue Lagerkonzept um. Durch die Erfahrung unserer Mitarbeiter sind Kostenersparnisse m\u00f6glich.<\/span>\n\n\t\t<\/div>\n\n<\/div><\/div><div id=\"panel-687-0-2-7\" class=\"so-panel widget widget_pw_icon_box widget-icon-box\" data-index=\"29\" ><div class=\"panel-widget-style panel-widget-style-for-687-0-2-7\" >\n\n\t\t<div class=\"icon-box\">\n\n\t\t<i class=\"fa  fa-globe\"><\/i>\n\t\t<h4 class=\"icon-box__title\">NACHHALTIGKEIT UND RESSOURCENSCHONUNG<\/h4>\n\t\t<span class=\"icon-box__subtitle\">Nachhaltigkeit und die Schonung der Ressourcen sind f\u00fcr uns selbstverst\u00e4ndlich. Bei allen Prozessen fragen wir uns, wie wir unseren Kindern eine intakte Umwelt hinterlassen k\u00f6nnen.<\/span>\n\n\t\t<\/div>\n\n<\/div><\/div><div id=\"panel-687-0-2-8\" class=\"so-panel widget widget_pw_icon_box widget-icon-box\" data-index=\"30\" ><div class=\"panel-widget-style panel-widget-style-for-687-0-2-8\" >\n\n\t\t<div class=\"icon-box\">\n\n\t\t<i class=\"fa  fa-shield\"><\/i>\n\t\t<h4 class=\"icon-box__title\">SICHERHEIT<\/h4>\n\t\t<span class=\"icon-box__subtitle\">Maximieren Sie Ihren Erfolg durch die HAAF-STS Logistik-Garantie. Terminzusage - mit Geld-zur\u00fcck-Garantie.<\/span>\n\n\t\t<\/div>\n\n<\/div><\/div><div id=\"panel-687-0-2-9\" class=\"so-panel widget widget_pw_icon_box widget-icon-box\" data-index=\"31\" ><div class=\"panel-widget-style panel-widget-style-for-687-0-2-9\" >\n\n\t\t<div class=\"icon-box\">\n\n\t\t<i class=\"fa  fa-star-o\"><\/i>\n\t\t<h4 class=\"icon-box__title\">VERTRAUEN<\/h4>\n\t\t<span class=\"icon-box__subtitle\">Sie vertrauen uns und wir Ihnen. Wenn doch mal irgendetwas mit dem Transport sein sollte, werden wir schnell und kulant handeln.<\/span>\n\n\t\t<\/div>\n\n<\/div><\/div><div id=\"panel-687-0-2-10\" class=\"so-panel widget widget_pw_icon_box widget-icon-box panel-last-child\" data-index=\"32\" ><div class=\"panel-widget-style panel-widget-style-for-687-0-2-10\" >\n\n\t\t<div class=\"icon-box\">\n\n\t\t<i class=\"fa  fa-handshake-o\"><\/i>\n\t\t<h4 class=\"icon-box__title\">ZUSAMMENARBEIT<\/h4>\n\t\t<span class=\"icon-box__subtitle\">Eine faire und ehrliche Zusammenarbeit ist unser Selbstverst\u00e4ndnis. Erst wenn Sie zufrieden sind, sind auch wir zufrieden.<\/span>\n\n\t\t<\/div>\n\n<\/div><\/div><\/div><\/div><\/div>","protected":false},"excerpt":{"rendered":"<p>24\/7 NOTFALL HANDY Sie erreichen uns im Notfall 24 Stunden am Tag und 7 Tage die Woche unter der Telefon&#8211;Nr. 0171 612 67 80. BERATUNG Sie erhalten mehr als nur Transportdienstleistungen, wie z. B. Tipps zur Verpackung und Hilfreiches zur Transportsicherung, damit Ihre Waren sicher bei Ihrem Empf\u00e4nger ankommen. DIREKTVERLADUNG Ihre Ware wird immer im &hellip;<\/p>\n","protected":false},"author":1,"featured_media":0,"parent":232,"menu_order":0,"comment_status":"closed","ping_status":"closed","template":"","meta":{"_acf_changed":false,"footnotes":""},"class_list":["post-687","page","type-page","status-publish","hentry"],"acf":[],"_links":{"self":[{"href":"https:\/\/haafsts-logistik.de\/de\/wp-json\/wp\/v2\/pages\/687"}],"collection":[{"href":"https:\/\/haafsts-logistik.de\/de\/wp-json\/wp\/v2\/pages"}],"about":[{"href":"https:\/\/haafsts-logistik.de\/de\/wp-json\/wp\/v2\/types\/page"}],"author":[{"embeddable":true,"href":"https:\/\/haafsts-logistik.de\/de\/wp-json\/wp\/v2\/users\/1"}],"replies":[{"embeddable":true,"href":"https:\/\/haafsts-logistik.de\/de\/wp-json\/wp\/v2\/comments?post=687"}],"version-history":[{"count":0,"href":"https:\/\/haafsts-logistik.de\/de\/wp-json\/wp\/v2\/pages\/687\/revisions"}],"up":[{"embeddable":true,"href":"https:\/\/haafsts-logistik.de\/de\/wp-json\/wp\/v2\/pages\/232"}],"wp:attachment":[{"href":"https:\/\/haafsts-logistik.de\/de\/wp-json\/wp\/v2\/media?parent=687"}],"curies":[{"name":"wp","href":"https:\/\/api.w.org\/{rel}","templated":true}]}}