{"id":670,"date":"2017-08-13T15:39:51","date_gmt":"2017-08-13T13:39:51","guid":{"rendered":"https:\/\/haafsts.afema24.com\/unternehmen\/?page_id=670"},"modified":"2019-04-29T14:51:41","modified_gmt":"2019-04-29T12:51:41","slug":"service","status":"publish","type":"page","link":"https:\/\/haafsts-logistik.de\/de\/service\/","title":{"rendered":"Service"},"content":{"rendered":"<div id=\"pl-670\"  class=\"panel-layout\" ><div id=\"pg-670-0\"  class=\"panel-grid panel-no-style\" ><div id=\"pgc-670-0-0\"  class=\"panel-grid-cell\" ><div id=\"panel-670-0-0-0\" class=\"so-panel widget widget_pw_featured_page widget-featured-page panel-first-child panel-last-child\" data-index=\"0\" >\n\n\t<div class=\"page-box  page-box--block\">\n\t\t\t<a class=\"page-box__picture\" href=\"https:\/\/haafsts-logistik.de\/de\/service\/unternehmensberatung\/\"><img loading=\"lazy\" decoding=\"async\" src=\"https:\/\/haafsts-logistik.de\/de\/wp-content\/uploads\/sites\/10\/2017\/08\/haaf_sts_unternehmensberatung-360x240.jpg\" width=\"360\" height=\"240\" srcset=\"https:\/\/haafsts-logistik.de\/de\/wp-content\/uploads\/sites\/10\/2017\/08\/haaf_sts_unternehmensberatung-360x240.jpg 360w, https:\/\/haafsts-logistik.de\/de\/wp-content\/uploads\/sites\/10\/2017\/08\/haaf_sts_unternehmensberatung.jpg 848w\" sizes=\"(min-width: 992px) 360px, calc(100vw - 30px)\" class=\"wp-post-image\" alt=\"Unternehmensberatung\"><\/a>\n\t\t<div class=\"page-box__content\">\n\t\t\t<h5 class=\"page-box__title  text-uppercase\"><a href=\"https:\/\/haafsts-logistik.de\/de\/service\/unternehmensberatung\/\">Unternehmensberatung<\/a><\/h5>\n\t\t\t<p>NEU bei HAAF-STS Logistik GmbH: Die Spedition- und Transport- unternehmerberatung von Experten! Sie besitzen eine Spedition oder ein Transportunternehmen? Kennen Sie das auch? Die monatlichen Zahlen nicht so wie sie eigentlich sein sollten? &hellip;<\/p>\n\t\t\t\t<p><a href=\"https:\/\/haafsts-logistik.de\/de\/service\/unternehmensberatung\/\" class=\"read-more  read-more--page-box\">Mehr erfahren<\/a><\/p>\n\t\t<\/div>\n\t<\/div>\n\n<\/div><\/div><div id=\"pgc-670-0-1\"  class=\"panel-grid-cell\" ><div id=\"panel-670-0-1-0\" class=\"so-panel widget widget_pw_featured_page widget-featured-page panel-first-child panel-last-child\" data-index=\"1\" >\n\n\t<div class=\"page-box  page-box--block\">\n\t\t\t<a class=\"page-box__picture\" href=\"https:\/\/haafsts-logistik.de\/de\/service\/logistik-ratgeber\/\"><img loading=\"lazy\" decoding=\"async\" src=\"https:\/\/haafsts-logistik.de\/de\/wp-content\/uploads\/sites\/10\/2017\/08\/haaf_sts_logistik_ratgeber-360x240.jpg\" width=\"360\" height=\"240\" srcset=\"https:\/\/haafsts-logistik.de\/de\/wp-content\/uploads\/sites\/10\/2017\/08\/haaf_sts_logistik_ratgeber-360x240.jpg 360w, https:\/\/haafsts-logistik.de\/de\/wp-content\/uploads\/sites\/10\/2017\/08\/haaf_sts_logistik_ratgeber.jpg 848w\" sizes=\"(min-width: 992px) 360px, calc(100vw - 30px)\" class=\"wp-post-image\" alt=\"Logistik Ratgeber\"><\/a>\n\t\t<div class=\"page-box__content\">\n\t\t\t<h5 class=\"page-box__title  text-uppercase\"><a href=\"https:\/\/haafsts-logistik.de\/de\/service\/logistik-ratgeber\/\">Logistik Ratgeber<\/a><\/h5>\n\t\t\t<p>Warum sollten Sie sich den HAAF-STS Logistik Ratgeber holen? Der Logistik-Ratgeber zeigt Ihnen, auf was Sie bei der Auswahl des richtigen Teilladungs- und Komplettladungs-Spediteurs achten m\u00fcssen. Au\u00dferdem gibt der Ratgeber Tipps und Ratschl\u00e4ge, &hellip;<\/p>\n\t\t\t\t<p><a href=\"https:\/\/haafsts-logistik.de\/de\/service\/logistik-ratgeber\/\" class=\"read-more  read-more--page-box\">Mehr erfahren<\/a><\/p>\n\t\t<\/div>\n\t<\/div>\n\n<\/div><\/div><div id=\"pgc-670-0-2\"  class=\"panel-grid-cell\" ><div id=\"panel-670-0-2-0\" class=\"so-panel widget widget_pw_featured_page widget-featured-page panel-first-child panel-last-child\" data-index=\"2\" >\n\n\t<div class=\"page-box  page-box--block\">\n\t\t\t<a class=\"page-box__picture\" href=\"https:\/\/haafsts-logistik.de\/de\/service\/transport-anmelden\/\"><img loading=\"lazy\" decoding=\"async\" src=\"https:\/\/haafsts-logistik.de\/de\/wp-content\/uploads\/sites\/10\/2017\/08\/haaf_sts_transport_anmelden-360x240.jpg\" width=\"360\" height=\"240\" srcset=\"https:\/\/haafsts-logistik.de\/de\/wp-content\/uploads\/sites\/10\/2017\/08\/haaf_sts_transport_anmelden-360x240.jpg 360w, https:\/\/haafsts-logistik.de\/de\/wp-content\/uploads\/sites\/10\/2017\/08\/haaf_sts_transport_anmelden.jpg 848w\" sizes=\"(min-width: 992px) 360px, calc(100vw - 30px)\" class=\"wp-post-image\" alt=\"Transport anmelden\"><\/a>\n\t\t<div class=\"page-box__content\">\n\t\t\t<h5 class=\"page-box__title  text-uppercase\"><a href=\"https:\/\/haafsts-logistik.de\/de\/service\/transport-anmelden\/\">Transport anmelden<\/a><\/h5>\n\t\t\t<p>Kostenlose Hotline: 0800 4223 787 &nbsp; Sie k\u00f6nnen Ihren Transport auch hier anmelden: Telefon: 0 23 92 \/ 80 87 \u2013 0 Telefax: 0 23 92 \/ 80 87 \u2013 22 Email: info@haaf-sts-logistik.de Haben Sie ein Logistikproblem? Lassen Sie uns eine L\u00f6sung &hellip;<\/p>\n\t\t\t\t<p><a href=\"https:\/\/haafsts-logistik.de\/de\/service\/transport-anmelden\/\" class=\"read-more  read-more--page-box\">Mehr erfahren<\/a><\/p>\n\t\t<\/div>\n\t<\/div>\n\n<\/div><\/div><\/div><div id=\"pg-670-1\"  class=\"panel-grid panel-no-style\" ><div id=\"pgc-670-1-0\"  class=\"panel-grid-cell\" ><div id=\"panel-670-1-0-0\" class=\"so-panel widget widget_pw_featured_page widget-featured-page panel-first-child panel-last-child\" data-index=\"3\" >\n\n\t<div class=\"page-box  page-box--block\">\n\t\t\t<a class=\"page-box__picture\" href=\"https:\/\/haafsts-logistik.de\/de\/service\/fahren-sie-fuer-uns\/\"><img loading=\"lazy\" decoding=\"async\" src=\"https:\/\/haafsts-logistik.de\/de\/wp-content\/uploads\/sites\/10\/2017\/08\/haaf_sts_fahren_sie_fuer_uns-360x240.jpg\" width=\"360\" height=\"240\" srcset=\"https:\/\/haafsts-logistik.de\/de\/wp-content\/uploads\/sites\/10\/2017\/08\/haaf_sts_fahren_sie_fuer_uns-360x240.jpg 360w, https:\/\/haafsts-logistik.de\/de\/wp-content\/uploads\/sites\/10\/2017\/08\/haaf_sts_fahren_sie_fuer_uns.jpg 848w\" sizes=\"(min-width: 992px) 360px, calc(100vw - 30px)\" class=\"wp-post-image\" alt=\"Fahren Sie f\u00fcr uns\"><\/a>\n\t\t<div class=\"page-box__content\">\n\t\t\t<h5 class=\"page-box__title  text-uppercase\"><a href=\"https:\/\/haafsts-logistik.de\/de\/service\/fahren-sie-fuer-uns\/\">Fahren Sie f\u00fcr uns<\/a><\/h5>\n\t\t\t<p>Werden Sie Teil der Erfolgsgeschichte. Werden Sie Transportunternehmer f\u00fcr HAAF-STS Logistik GmbH! Die HAAF-STS Logistik GmbH wurde 1997 gegr\u00fcndet und ist spezialisiert auf die europaweite Bef\u00f6rderung von Teilladungen und Komplettladungen. &hellip;<\/p>\n\t\t\t\t<p><a href=\"https:\/\/haafsts-logistik.de\/de\/service\/fahren-sie-fuer-uns\/\" class=\"read-more  read-more--page-box\">Mehr erfahren<\/a><\/p>\n\t\t<\/div>\n\t<\/div>\n\n<\/div><\/div><div id=\"pgc-670-1-1\"  class=\"panel-grid-cell panel-grid-cell-empty panel-grid-cell-mobile-last\" ><\/div><div id=\"pgc-670-1-2\"  class=\"panel-grid-cell panel-grid-cell-empty\" ><\/div><\/div><\/div>","protected":false},"excerpt":{"rendered":"<p>Unternehmensberatung NEU bei HAAF-STS Logistik GmbH: Die Spedition- und Transport- unternehmerberatung von Experten! Sie besitzen eine Spedition oder ein Transportunternehmen? Kennen Sie das auch? Die monatlichen Zahlen nicht so wie sie eigentlich sein sollten? &hellip; Mehr erfahren Logistik Ratgeber Warum sollten Sie sich den HAAF-STS Logistik Ratgeber holen? Der Logistik-Ratgeber zeigt Ihnen, auf was Sie &hellip;<\/p>\n","protected":false},"author":1,"featured_media":0,"parent":0,"menu_order":0,"comment_status":"closed","ping_status":"closed","template":"","meta":{"_acf_changed":false,"footnotes":""},"class_list":["post-670","page","type-page","status-publish","hentry"],"acf":[],"_links":{"self":[{"href":"https:\/\/haafsts-logistik.de\/de\/wp-json\/wp\/v2\/pages\/670"}],"collection":[{"href":"https:\/\/haafsts-logistik.de\/de\/wp-json\/wp\/v2\/pages"}],"about":[{"href":"https:\/\/haafsts-logistik.de\/de\/wp-json\/wp\/v2\/types\/page"}],"author":[{"embeddable":true,"href":"https:\/\/haafsts-logistik.de\/de\/wp-json\/wp\/v2\/users\/1"}],"replies":[{"embeddable":true,"href":"https:\/\/haafsts-logistik.de\/de\/wp-json\/wp\/v2\/comments?post=670"}],"version-history":[{"count":6,"href":"https:\/\/haafsts-logistik.de\/de\/wp-json\/wp\/v2\/pages\/670\/revisions"}],"predecessor-version":[{"id":319776,"href":"https:\/\/haafsts-logistik.de\/de\/wp-json\/wp\/v2\/pages\/670\/revisions\/319776"}],"wp:attachment":[{"href":"https:\/\/haafsts-logistik.de\/de\/wp-json\/wp\/v2\/media?parent=670"}],"curies":[{"name":"wp","href":"https:\/\/api.w.org\/{rel}","templated":true}]}}