{"id":232,"date":"2015-05-07T13:27:36","date_gmt":"2015-05-07T13:27:36","guid":{"rendered":"http:\/\/xml-io.proteusthemes.com\/cargopress\/?page_id=232"},"modified":"2019-05-02T08:49:40","modified_gmt":"2019-05-02T06:49:40","slug":"unternehmen","status":"publish","type":"page","link":"https:\/\/haafsts-logistik.de\/de\/unternehmen\/","title":{"rendered":"Das Unternehmen"},"content":{"rendered":"<div id=\"pl-232\"  class=\"panel-layout\" ><div id=\"pg-232-0\"  class=\"panel-grid panel-no-style\" ><div id=\"pgc-232-0-0\"  class=\"panel-grid-cell\" ><div id=\"panel-232-0-0-0\" class=\"so-panel widget widget_black-studio-tinymce widget_black_studio_tinymce panel-first-child panel-last-child\" data-index=\"0\" ><div class=\"textwidget\"><div id=\"innerpage-topic-text\">Lernen Sie jetzt die HAAF-STS Logistik kennen.<\/div>\n<h2 class=\"innerpage\">Die HAAF-STS Logistik GmbH wurde 1997 gegr\u00fcndet und ist spezialisiert auf die europaweite Bef\u00f6rderung von Teilladungen und Komplettladungen.<\/h2>\n<h5 class=\"innerpage\">Unsere Schnelligkeit ist Ihr Vorteil. Kurzfristige Anmeldezeiten sichern Ihnen gr\u00f6\u00dfte Flexibilit\u00e4t und Ihren Empf\u00e4ngern l\u00e4ngere Bestellzeiten.<\/h5>\n<h3 class=\"innerpage\">Kennen Sie schon die HAAF-STS Logistik Garantie?<\/h3>\n<p>HAAF-STS Logistik garantiert Ihnen zu 100 %, dass Ihre Ware (als Teil- und Komplettladung) zu dem von uns schriftlich best\u00e4tigten Termin bei Ihrem Empf\u00e4nger eintrifft \u2013 europaweit. Sollte HAAF-STS Logistik den Termin nicht einhalten, erhalten Sie 100% der an uns zu zahlenden Frachtkosten f\u00fcr diesen Auftrag zur\u00fcck. Dies gilt f\u00fcr alle Versp\u00e4tungen, ausgenommen h\u00f6here Gewalt.<\/p>\n<h3 class=\"innerpage\">Ihre Vorteile auf einen Blick:<\/h3>\n<ul id=\"haaf-sts-page\">\n<li><span style=\"color: #003e8d;\">HAAF-STS Logistik<\/span> sorgt f\u00fcr permanente Versorgung aller an der Logistikkette Beteiligten<\/li>\n<li><span style=\"color: #003e8d;\">HAAF-STS Logistik<\/span> erm\u00f6glicht Warenstr\u00f6me von A nach B<\/li>\n<li><span style=\"color: #003e8d;\">HAAF-STS Logistik<\/span> sichert die Versorgung des Kunden mit Materialien<\/li>\n<li><span style=\"color: #003e8d;\">HAAF-STS Logistik<\/span> verringert Lagerkapazit\u00e4t durch schnelleren Versand<\/li>\n<li><span style=\"color: #003e8d;\">HAAF-STS Logistik<\/span> sch\u00fctzt vor dem Abrei\u00dfen der Produktionskette<\/li>\n<li><span style=\"color: #003e8d;\">HAAF-STS Logistik<\/span> f\u00fchrt zu einer Optimierung der Logistikkette<\/li>\n<li><span style=\"color: #003e8d;\">HAAF-STS Logistik<\/span> erleichert die t\u00e4gliche Arbeit in der Versandabteilung durch mehr Informationen<\/li>\n<li><span style=\"color: #003e8d;\">HAAF-STS Logistik<\/span> spart Ressourcen durch schnelleres Handeln<\/li>\n<li><span style=\"color: #003e8d;\">HAAF-STS Logistik<\/span> schafft Kundenzufriedenheit<\/li>\n<\/ul>\n<\/div><\/div><\/div><div id=\"pgc-232-0-1\"  class=\"panel-grid-cell\" ><div id=\"panel-232-0-1-0\" class=\"so-panel widget widget_black-studio-tinymce widget_black_studio_tinymce panel-first-child panel-last-child\" data-index=\"1\" ><div class=\"featured-widget panel-widget-style panel-widget-style-for-232-0-1-0\" ><div class=\"textwidget\"><div id=\"innerpage-topic-imgbox\">Der Fuhrpark bei HAAF-STS Logistik<br \/>\nsteht f\u00fcr <span style=\"font-weight: bold; letter-spacing: 1px;\">modernstes LKW-Equipment:<\/span><\/div>\n<p><img loading=\"lazy\" decoding=\"async\" class=\"alignnone wp-image-1051 size-full\" src=\"https:\/\/haafsts-logistik.de\/de\/wp-content\/uploads\/sites\/10\/2017\/08\/haaf_sts_hero_f1sl.jpg\" alt=\"\" width=\"424\" height=\"240\" srcset=\"https:\/\/haafsts-logistik.de\/de\/wp-content\/uploads\/sites\/10\/2017\/08\/haaf_sts_hero_f1sl.jpg 424w, https:\/\/haafsts-logistik.de\/de\/wp-content\/uploads\/sites\/10\/2017\/08\/haaf_sts_hero_f1sl-300x170.jpg 300w, https:\/\/haafsts-logistik.de\/de\/wp-content\/uploads\/sites\/10\/2017\/08\/haaf_sts_hero_f1sl-360x204.jpg 360w, https:\/\/haafsts-logistik.de\/de\/wp-content\/uploads\/sites\/10\/2017\/08\/haaf_sts_hero_f1sl-20x11.jpg 20w\" sizes=\"(max-width: 424px) 100vw, 424px\" \/><\/p>\n<p><img loading=\"lazy\" decoding=\"async\" class=\"alignnone wp-image-1053 size-full\" src=\"https:\/\/haafsts-logistik.de\/de\/wp-content\/uploads\/sites\/10\/2017\/08\/haaf_sts_hero_f2sl.jpg\" alt=\"\" width=\"424\" height=\"240\" srcset=\"https:\/\/haafsts-logistik.de\/de\/wp-content\/uploads\/sites\/10\/2017\/08\/haaf_sts_hero_f2sl.jpg 424w, https:\/\/haafsts-logistik.de\/de\/wp-content\/uploads\/sites\/10\/2017\/08\/haaf_sts_hero_f2sl-300x170.jpg 300w, https:\/\/haafsts-logistik.de\/de\/wp-content\/uploads\/sites\/10\/2017\/08\/haaf_sts_hero_f2sl-360x204.jpg 360w, https:\/\/haafsts-logistik.de\/de\/wp-content\/uploads\/sites\/10\/2017\/08\/haaf_sts_hero_f2sl-20x11.jpg 20w\" sizes=\"(max-width: 424px) 100vw, 424px\" \/><\/p>\n<p><img loading=\"lazy\" decoding=\"async\" class=\"alignnone wp-image-1055 size-full\" src=\"https:\/\/haafsts-logistik.de\/de\/wp-content\/uploads\/sites\/10\/2017\/08\/haaf_sts_hero_f3sl.jpg\" alt=\"\" width=\"424\" height=\"240\" srcset=\"https:\/\/haafsts-logistik.de\/de\/wp-content\/uploads\/sites\/10\/2017\/08\/haaf_sts_hero_f3sl.jpg 424w, https:\/\/haafsts-logistik.de\/de\/wp-content\/uploads\/sites\/10\/2017\/08\/haaf_sts_hero_f3sl-300x170.jpg 300w, https:\/\/haafsts-logistik.de\/de\/wp-content\/uploads\/sites\/10\/2017\/08\/haaf_sts_hero_f3sl-360x204.jpg 360w, https:\/\/haafsts-logistik.de\/de\/wp-content\/uploads\/sites\/10\/2017\/08\/haaf_sts_hero_f3sl-20x11.jpg 20w\" sizes=\"(max-width: 424px) 100vw, 424px\" \/><\/p>\n<\/div><\/div><\/div><\/div><\/div><\/div>","protected":false},"excerpt":{"rendered":"<p>Lernen Sie jetzt die HAAF-STS Logistik kennen. Die HAAF-STS Logistik GmbH wurde 1997 gegr\u00fcndet und ist spezialisiert auf die europaweite Bef\u00f6rderung von Teilladungen und Komplettladungen. Unsere Schnelligkeit ist Ihr Vorteil. Kurzfristige Anmeldezeiten sichern Ihnen gr\u00f6\u00dfte Flexibilit\u00e4t und Ihren Empf\u00e4ngern l\u00e4ngere Bestellzeiten. Kennen Sie schon die HAAF-STS Logistik Garantie? HAAF-STS Logistik garantiert Ihnen zu 100 %, &hellip;<\/p>\n","protected":false},"author":1,"featured_media":0,"parent":0,"menu_order":0,"comment_status":"closed","ping_status":"closed","template":"","meta":{"_acf_changed":false,"footnotes":""},"class_list":["post-232","page","type-page","status-publish","hentry"],"acf":[],"_links":{"self":[{"href":"https:\/\/haafsts-logistik.de\/de\/wp-json\/wp\/v2\/pages\/232"}],"collection":[{"href":"https:\/\/haafsts-logistik.de\/de\/wp-json\/wp\/v2\/pages"}],"about":[{"href":"https:\/\/haafsts-logistik.de\/de\/wp-json\/wp\/v2\/types\/page"}],"author":[{"embeddable":true,"href":"https:\/\/haafsts-logistik.de\/de\/wp-json\/wp\/v2\/users\/1"}],"replies":[{"embeddable":true,"href":"https:\/\/haafsts-logistik.de\/de\/wp-json\/wp\/v2\/comments?post=232"}],"version-history":[{"count":1,"href":"https:\/\/haafsts-logistik.de\/de\/wp-json\/wp\/v2\/pages\/232\/revisions"}],"predecessor-version":[{"id":319801,"href":"https:\/\/haafsts-logistik.de\/de\/wp-json\/wp\/v2\/pages\/232\/revisions\/319801"}],"wp:attachment":[{"href":"https:\/\/haafsts-logistik.de\/de\/wp-json\/wp\/v2\/media?parent=232"}],"curies":[{"name":"wp","href":"https:\/\/api.w.org\/{rel}","templated":true}]}}