{"id":1064,"date":"2017-08-23T17:38:07","date_gmt":"2017-08-23T15:38:07","guid":{"rendered":"https:\/\/haafsts.afema24.com\/unternehmen\/?page_id=1064"},"modified":"2019-04-29T14:38:04","modified_gmt":"2019-04-29T12:38:04","slug":"laender","status":"publish","type":"page","link":"https:\/\/haafsts-logistik.de\/de\/dienstleistungen\/laender\/","title":{"rendered":"L\u00e4nder"},"content":{"rendered":"<div id=\"pl-1064\"  class=\"panel-layout\" ><div id=\"pg-1064-0\"  class=\"panel-grid panel-no-style\" ><div id=\"pgc-1064-0-0\"  class=\"panel-grid-cell\" ><div id=\"panel-1064-0-0-0\" class=\"so-panel widget widget_black-studio-tinymce widget_black_studio_tinymce panel-first-child panel-last-child\" data-index=\"0\" ><div class=\"textwidget\"><div id=\"innerpage-topic-text\">Das Einsatzgebiet der HAAF-STS Logistik:<\/div>\n<h2 class=\"innerpage\">Hier fahren wir f\u00fcr Sie hin:<\/h2>\n<p>Unsere Schwerpunktl\u00e4nder im LKW Verkehr f\u00fcr Ihre Warenstr\u00f6me:<\/p>\n<div class='iwm_map_canvas'><div id='map_canvas_1' class='i_world_map ' class='iwm_map_canvas'><div class='iwm_placeholder'><img width='32px' alt='Europe Placeholder' title='Europe' src='https:\/\/haafsts-logistik.de\/de\/wp-content\/plugins\/interactive-world-maps\/imgs\/placeholder.png'><br>Europe<\/div><\/div><\/div>\n<h3 class=\"innerpage\">L\u00e4nder:&nbsp;<\/h3>\n<ul id=\"haaf-sts-page\">\n<li>D, GB, Benelux,&nbsp;<\/li>\n<li>F, CH, A, E, P, GR&nbsp;<\/li>\n<li>und <span style=\"font-weight: bold; letter-spacing: 0.8px;\">Ost Europa.&nbsp;<\/span><\/li>\n<\/ul>\n<\/div><\/div><\/div><div id=\"pgc-1064-0-1\"  class=\"panel-grid-cell\" ><div id=\"panel-1064-0-1-0\" class=\"so-panel widget widget_black-studio-tinymce widget_black_studio_tinymce panel-first-child panel-last-child\" data-index=\"1\" ><div class=\"featured-widget panel-widget-style panel-widget-style-for-1064-0-1-0\" ><div class=\"textwidget\"><div id=\"innerpage-topic-imgbox\">Der Fuhrpark bei HAAF-STS Logistik<br \/>\nsteht f\u00fcr <span style=\"font-weight: bold; letter-spacing: 1px;\">modernstes LKW-Equipment:<\/span><\/div>\n<p><img loading=\"lazy\" decoding=\"async\" class=\"alignnone wp-image-1051 size-full\" src=\"https:\/\/haafsts-logistik.de\/de\/wp-content\/uploads\/sites\/10\/2017\/08\/haaf_sts_hero_f1sl.jpg\" alt=\"\" width=\"424\" height=\"240\" srcset=\"https:\/\/haafsts-logistik.de\/de\/wp-content\/uploads\/sites\/10\/2017\/08\/haaf_sts_hero_f1sl.jpg 424w, https:\/\/haafsts-logistik.de\/de\/wp-content\/uploads\/sites\/10\/2017\/08\/haaf_sts_hero_f1sl-300x170.jpg 300w, https:\/\/haafsts-logistik.de\/de\/wp-content\/uploads\/sites\/10\/2017\/08\/haaf_sts_hero_f1sl-360x204.jpg 360w, https:\/\/haafsts-logistik.de\/de\/wp-content\/uploads\/sites\/10\/2017\/08\/haaf_sts_hero_f1sl-20x11.jpg 20w\" sizes=\"(max-width: 424px) 100vw, 424px\" \/><\/p>\n<p><img loading=\"lazy\" decoding=\"async\" class=\"alignnone wp-image-1053 size-full\" src=\"https:\/\/haafsts-logistik.de\/de\/wp-content\/uploads\/sites\/10\/2017\/08\/haaf_sts_hero_f2sl.jpg\" alt=\"\" width=\"424\" height=\"240\" srcset=\"https:\/\/haafsts-logistik.de\/de\/wp-content\/uploads\/sites\/10\/2017\/08\/haaf_sts_hero_f2sl.jpg 424w, https:\/\/haafsts-logistik.de\/de\/wp-content\/uploads\/sites\/10\/2017\/08\/haaf_sts_hero_f2sl-300x170.jpg 300w, https:\/\/haafsts-logistik.de\/de\/wp-content\/uploads\/sites\/10\/2017\/08\/haaf_sts_hero_f2sl-360x204.jpg 360w, https:\/\/haafsts-logistik.de\/de\/wp-content\/uploads\/sites\/10\/2017\/08\/haaf_sts_hero_f2sl-20x11.jpg 20w\" sizes=\"(max-width: 424px) 100vw, 424px\" \/><\/p>\n<p><img loading=\"lazy\" decoding=\"async\" class=\"alignnone wp-image-1055 size-full\" src=\"https:\/\/haafsts-logistik.de\/de\/wp-content\/uploads\/sites\/10\/2017\/08\/haaf_sts_hero_f3sl.jpg\" alt=\"\" width=\"424\" height=\"240\" srcset=\"https:\/\/haafsts-logistik.de\/de\/wp-content\/uploads\/sites\/10\/2017\/08\/haaf_sts_hero_f3sl.jpg 424w, https:\/\/haafsts-logistik.de\/de\/wp-content\/uploads\/sites\/10\/2017\/08\/haaf_sts_hero_f3sl-300x170.jpg 300w, https:\/\/haafsts-logistik.de\/de\/wp-content\/uploads\/sites\/10\/2017\/08\/haaf_sts_hero_f3sl-360x204.jpg 360w, https:\/\/haafsts-logistik.de\/de\/wp-content\/uploads\/sites\/10\/2017\/08\/haaf_sts_hero_f3sl-20x11.jpg 20w\" sizes=\"(max-width: 424px) 100vw, 424px\" \/><\/p>\n<\/div><\/div><\/div><\/div><\/div><\/div>","protected":false},"excerpt":{"rendered":"<p>Das Einsatzgebiet der HAAF-STS Logistik: Hier fahren wir f\u00fcr Sie hin: Unsere Schwerpunktl\u00e4nder im LKW Verkehr f\u00fcr Ihre Warenstr\u00f6me: L\u00e4nder:&nbsp; D, GB, Benelux,&nbsp; F, CH, A, E, P, GR&nbsp; und Ost Europa.&nbsp; Der Fuhrpark bei HAAF-STS Logistik steht f\u00fcr modernstes LKW-Equipment:<\/p>\n","protected":false},"author":1,"featured_media":1036,"parent":76,"menu_order":0,"comment_status":"closed","ping_status":"closed","template":"","meta":{"_acf_changed":false,"footnotes":""},"class_list":["post-1064","page","type-page","status-publish","has-post-thumbnail","hentry"],"acf":[],"_links":{"self":[{"href":"https:\/\/haafsts-logistik.de\/de\/wp-json\/wp\/v2\/pages\/1064"}],"collection":[{"href":"https:\/\/haafsts-logistik.de\/de\/wp-json\/wp\/v2\/pages"}],"about":[{"href":"https:\/\/haafsts-logistik.de\/de\/wp-json\/wp\/v2\/types\/page"}],"author":[{"embeddable":true,"href":"https:\/\/haafsts-logistik.de\/de\/wp-json\/wp\/v2\/users\/1"}],"replies":[{"embeddable":true,"href":"https:\/\/haafsts-logistik.de\/de\/wp-json\/wp\/v2\/comments?post=1064"}],"version-history":[{"count":1,"href":"https:\/\/haafsts-logistik.de\/de\/wp-json\/wp\/v2\/pages\/1064\/revisions"}],"predecessor-version":[{"id":319765,"href":"https:\/\/haafsts-logistik.de\/de\/wp-json\/wp\/v2\/pages\/1064\/revisions\/319765"}],"up":[{"embeddable":true,"href":"https:\/\/haafsts-logistik.de\/de\/wp-json\/wp\/v2\/pages\/76"}],"wp:featuredmedia":[{"embeddable":true,"href":"https:\/\/haafsts-logistik.de\/de\/wp-json\/wp\/v2\/media\/1036"}],"wp:attachment":[{"href":"https:\/\/haafsts-logistik.de\/de\/wp-json\/wp\/v2\/media?parent=1064"}],"curies":[{"name":"wp","href":"https:\/\/api.w.org\/{rel}","templated":true}]}}