{"id":1061,"date":"2017-08-23T17:37:50","date_gmt":"2017-08-23T15:37:50","guid":{"rendered":"https:\/\/haafsts.afema24.com\/unternehmen\/?page_id=1061"},"modified":"2019-04-29T14:41:04","modified_gmt":"2019-04-29T12:41:04","slug":"lkw-equipment","status":"publish","type":"page","link":"https:\/\/haafsts-logistik.de\/de\/dienstleistungen\/lkw-equipment\/","title":{"rendered":"LKW-Equipment"},"content":{"rendered":"<div id=\"pl-1061\"  class=\"panel-layout\" ><div id=\"pg-1061-0\"  class=\"panel-grid panel-no-style\" ><div id=\"pgc-1061-0-0\"  class=\"panel-grid-cell\" ><div id=\"panel-1061-0-0-0\" class=\"so-panel widget widget_black-studio-tinymce widget_black_studio_tinymce panel-first-child panel-last-child\" data-index=\"0\" ><div class=\"textwidget\"><div id=\"innerpage-topic-text\">HAAF-STS Logistik setzt auf modernstes LKW-Equipment:<\/div>\n<h2 class=\"innerpage\">Die moderne LKW-Flotte von <br \/>HAAF-STS Logistik passt sich Ihren Transportw\u00fcnschen an. <\/h2>\n<h5 class=\"innerpage\">Ob Volumen- oder Schwergut, Coil oder Thermo-Equipment: So werden Ihre Waren im richtigen Gef\u00e4\u00df zum richtigen Zeitpunkt an den richtigen Ort bef\u00f6rdert.<\/h5>\n<p>Ben\u00f6tigen Sie mehr Informationen \u00fcber HAAF-STS Logistik, Ihr Spezialist f\u00fcr europaweite Teilladungen und Komplettladungen? Hier die wichtigsten Daten auf einen Blick:<\/p>\n<h3 class=\"innerpage\">Modernstes LKW-Equipment:<\/h3>\n<ul id=\"haaf-sts-page\">\n<li>Sattelschlepper alternativ mit Coil Mulde (und Sondergenehmigung)<\/li>\n<li>Megatrailer<\/li>\n<li>Jumbo-LKW (bis 38 Stellpl\u00e4tze\/120 cbm)<\/li>\n<li>Jumbo-LKW mit Mitnahmestapler<\/li>\n<li>Schwerlast-Jumbo<\/li>\n<li>ADR-Ausr\u00fcstung vorhanden<\/li>\n<li>Schwertransporte, \u00dcberbreite und \u00dcberl\u00e4nge<\/li>\n<\/ul>\n<\/div><\/div><\/div><div id=\"pgc-1061-0-1\"  class=\"panel-grid-cell\" ><div id=\"panel-1061-0-1-0\" class=\"so-panel widget widget_black-studio-tinymce widget_black_studio_tinymce panel-first-child panel-last-child\" data-index=\"1\" ><div class=\"featured-widget panel-widget-style panel-widget-style-for-1061-0-1-0\" ><div class=\"textwidget\"><div id=\"innerpage-topic-imgbox\">Der Fuhrpark bei HAAF-STS Logistik<br \/>\nsteht f\u00fcr <span style=\"font-weight: bold; letter-spacing: 1px;\">modernstes LKW-Equipment:<\/span><\/div>\n<p><img loading=\"lazy\" decoding=\"async\" class=\"alignnone wp-image-1051 size-full\" src=\"https:\/\/haafsts-logistik.de\/de\/wp-content\/uploads\/sites\/10\/2017\/08\/haaf_sts_hero_f1sl.jpg\" alt=\"\" width=\"424\" height=\"240\" srcset=\"https:\/\/haafsts-logistik.de\/de\/wp-content\/uploads\/sites\/10\/2017\/08\/haaf_sts_hero_f1sl.jpg 424w, https:\/\/haafsts-logistik.de\/de\/wp-content\/uploads\/sites\/10\/2017\/08\/haaf_sts_hero_f1sl-300x170.jpg 300w, https:\/\/haafsts-logistik.de\/de\/wp-content\/uploads\/sites\/10\/2017\/08\/haaf_sts_hero_f1sl-360x204.jpg 360w, https:\/\/haafsts-logistik.de\/de\/wp-content\/uploads\/sites\/10\/2017\/08\/haaf_sts_hero_f1sl-20x11.jpg 20w\" sizes=\"(max-width: 424px) 100vw, 424px\" \/><\/p>\n<p><img loading=\"lazy\" decoding=\"async\" class=\"alignnone wp-image-1053 size-full\" src=\"https:\/\/haafsts-logistik.de\/de\/wp-content\/uploads\/sites\/10\/2017\/08\/haaf_sts_hero_f2sl.jpg\" alt=\"\" width=\"424\" height=\"240\" srcset=\"https:\/\/haafsts-logistik.de\/de\/wp-content\/uploads\/sites\/10\/2017\/08\/haaf_sts_hero_f2sl.jpg 424w, https:\/\/haafsts-logistik.de\/de\/wp-content\/uploads\/sites\/10\/2017\/08\/haaf_sts_hero_f2sl-300x170.jpg 300w, https:\/\/haafsts-logistik.de\/de\/wp-content\/uploads\/sites\/10\/2017\/08\/haaf_sts_hero_f2sl-360x204.jpg 360w, https:\/\/haafsts-logistik.de\/de\/wp-content\/uploads\/sites\/10\/2017\/08\/haaf_sts_hero_f2sl-20x11.jpg 20w\" sizes=\"(max-width: 424px) 100vw, 424px\" \/><\/p>\n<p><img loading=\"lazy\" decoding=\"async\" class=\"alignnone wp-image-1055 size-full\" src=\"https:\/\/haafsts-logistik.de\/de\/wp-content\/uploads\/sites\/10\/2017\/08\/haaf_sts_hero_f3sl.jpg\" alt=\"\" width=\"424\" height=\"240\" srcset=\"https:\/\/haafsts-logistik.de\/de\/wp-content\/uploads\/sites\/10\/2017\/08\/haaf_sts_hero_f3sl.jpg 424w, https:\/\/haafsts-logistik.de\/de\/wp-content\/uploads\/sites\/10\/2017\/08\/haaf_sts_hero_f3sl-300x170.jpg 300w, https:\/\/haafsts-logistik.de\/de\/wp-content\/uploads\/sites\/10\/2017\/08\/haaf_sts_hero_f3sl-360x204.jpg 360w, https:\/\/haafsts-logistik.de\/de\/wp-content\/uploads\/sites\/10\/2017\/08\/haaf_sts_hero_f3sl-20x11.jpg 20w\" sizes=\"(max-width: 424px) 100vw, 424px\" \/><\/p>\n<\/div><\/div><\/div><\/div><\/div><\/div>","protected":false},"excerpt":{"rendered":"<p>HAAF-STS Logistik setzt auf modernstes LKW-Equipment: Die moderne LKW-Flotte von HAAF-STS Logistik passt sich Ihren Transportw\u00fcnschen an. Ob Volumen- oder Schwergut, Coil oder Thermo-Equipment: So werden Ihre Waren im richtigen Gef\u00e4\u00df zum richtigen Zeitpunkt an den richtigen Ort bef\u00f6rdert. Ben\u00f6tigen Sie mehr Informationen \u00fcber HAAF-STS Logistik, Ihr Spezialist f\u00fcr europaweite Teilladungen und Komplettladungen? Hier die &hellip;<\/p>\n","protected":false},"author":1,"featured_media":1038,"parent":76,"menu_order":0,"comment_status":"closed","ping_status":"closed","template":"","meta":{"_acf_changed":false,"footnotes":""},"class_list":["post-1061","page","type-page","status-publish","has-post-thumbnail","hentry"],"acf":[],"_links":{"self":[{"href":"https:\/\/haafsts-logistik.de\/de\/wp-json\/wp\/v2\/pages\/1061"}],"collection":[{"href":"https:\/\/haafsts-logistik.de\/de\/wp-json\/wp\/v2\/pages"}],"about":[{"href":"https:\/\/haafsts-logistik.de\/de\/wp-json\/wp\/v2\/types\/page"}],"author":[{"embeddable":true,"href":"https:\/\/haafsts-logistik.de\/de\/wp-json\/wp\/v2\/users\/1"}],"replies":[{"embeddable":true,"href":"https:\/\/haafsts-logistik.de\/de\/wp-json\/wp\/v2\/comments?post=1061"}],"version-history":[{"count":1,"href":"https:\/\/haafsts-logistik.de\/de\/wp-json\/wp\/v2\/pages\/1061\/revisions"}],"predecessor-version":[{"id":319767,"href":"https:\/\/haafsts-logistik.de\/de\/wp-json\/wp\/v2\/pages\/1061\/revisions\/319767"}],"up":[{"embeddable":true,"href":"https:\/\/haafsts-logistik.de\/de\/wp-json\/wp\/v2\/pages\/76"}],"wp:featuredmedia":[{"embeddable":true,"href":"https:\/\/haafsts-logistik.de\/de\/wp-json\/wp\/v2\/media\/1038"}],"wp:attachment":[{"href":"https:\/\/haafsts-logistik.de\/de\/wp-json\/wp\/v2\/media?parent=1061"}],"curies":[{"name":"wp","href":"https:\/\/api.w.org\/{rel}","templated":true}]}}