{"id":20888,"date":"2019-06-12T09:45:27","date_gmt":"2019-06-12T07:45:27","guid":{"rendered":"https:\/\/haafsts-logistik.de\/coiltransport\/?page_id=20888"},"modified":"2025-01-15T21:44:20","modified_gmt":"2025-01-15T20:44:20","slug":"angebot-einholen","status":"publish","type":"page","link":"https:\/\/haafsts-logistik.de\/coiltransport\/angebot-einholen\/","title":{"rendered":"Angebot einholen"},"content":{"rendered":"<section class=\"wpb-content-wrapper\"><section id=\"start\" data-vc-full-width=\"true\" data-vc-full-width-init=\"false\" data-vc-stretch-content=\"true\" data-stellar-background-ratio=\"0.5\" class=\"vc_row wpb_row vc_row-fluid  vc_custom_1630045966306 vc_row-has-fill pofo-stretch-content vc_row-no-padding vc_row-o-full-height vc_row-o-columns-bottom vc_row-flex parallax\"><div class=\"bg-extra-dark-gray bg-overlay\" style=\"opacity:0.4; background-color:#000000; \"><\/div><div class=\"wpb_column vc_column_container vc_col-lg-6 vc_col-md-5 col-xs-mobile-fullwidth\"><div class=\"vc_column-inner \"><div class=\"wpb_wrapper\"><\/div><\/div><\/div><div class=\"wpb_column vc_column_container vc_col-sm-12 vc_col-lg-6 vc_col-md-7 vc_col-xs-12\"><div class=\"vc_column-inner \"><div class=\"wpb_wrapper\"><div class=\"bg-deep-pink-opacity padding-eleven-all sm-padding-seven-all xs-padding-30px-all wow fadeIn block-1  vc_custom_1560326908593 pofo-content-block-responsive-69e4be4b48688 block1-1\"><div class=\"box-separator-line width-180px bg-white md-width-120px sm-width-90px sm-display-none\"><\/div><h1 class=\"font-weight-600 alt-font text-white width-95 sm-width-100\" style=\"font-size: 5.8rem; line-height: 120%;\" data-fontsize=\"5.8rem\" data-lineheight=\"120%\">Ihr Angebot wartet auf Sie.<\/h1><div class=\"text-large font-weight-300 text-white last-paragraph-no-margin width-75 md-width-85 sm-width-95 xs-width-100\"><p class=\"xs-display-none\">Nutzen Sie die Vorteile von HAAF-STS Logistik f\u00fcr Ihren Gesch\u00e4ftserfolg. Sprechen Sie mit uns.<\/p>\n<\/div><a href=\"#angebot-anfordern\" class=\"btn btn-medium btn-white margin-40px-top xs-margin-10px-top text-link-deep-pink section-link\">Angebot anfordern \u279d<\/a><\/div><\/div><\/div><\/div><\/section><div class=\"vc_row-full-width vc_clearfix\"><\/div><section id=\"angebot-anfordern\" class=\"vc_row wpb_row vc_row-fluid  vc_custom_1561529351825 wow fadeIn vc_row-has-fill\"><div class=\"wpb_column vc_column_container vc_col-sm-1 vc_col-md-2 vc_hidden-sm col-xs-mobile-fullwidth sm-display-none\"><div class=\"vc_column-inner \"><div class=\"wpb_wrapper\"><\/div><\/div><\/div><div class=\"wpb_column vc_column_container vc_col-sm-12 vc_col-md-8 vc_col-xs-12 text-center pofo-column-responsive-69e4be4b48811\"><div class=\"vc_column-inner vc_custom_1561529344593\"><div class=\"wpb_wrapper\"><div class=\"text-medium-gray text-small margin-5px-bottom alt-font text-uppercase heading-style4  vc_custom_1561529383967  heading-1\"  style=\"color: #6f6f6f;\">Nutzen Sie die Vorteile von HAAF-STS Logistik f\u00fcr Ihren Gesch\u00e4ftserfolg<\/div><div class=\"last-paragraph-no-margin\"><h6 class=\"font-weight-300 text-extra-dark-gray no-margin\">Wir transportieren Stahl Coils flexibel und zuverl\u00e4ssig bis zu Ihrem gew\u00fcnschten Bestimmungsort.<\/h6>\n<\/div><\/div><\/div><\/div><div class=\"wpb_column vc_column_container vc_col-md-2 vc_hidden-sm col-xs-mobile-fullwidth sm-display-none\"><div class=\"vc_column-inner \"><div class=\"wpb_wrapper\"><\/div><\/div><\/div><\/section><section data-vc-full-width=\"true\" data-vc-full-width-init=\"false\" data-vc-stretch-content=\"true\" class=\"vc_row wpb_row vc_row-fluid  vc_custom_1560340898144 vc_row-has-fill pofo-stretch-content vc_row-o-equal-height vc_row-flex\"><div class=\"wpb_column vc_column_container vc_col-has-fill vc_col-sm-6  col-xs-mobile-fullwidth\"><div class=\"vc_column-inner vc_custom_1560345102490\"><div class=\"wpb_wrapper\"><div class=\"vc_row wpb_row vc_inner vc_row-fluid\"><div class=\"wpb_column vc_column_container vc_col-sm-12  col-xs-mobile-fullwidth\"><div class=\"vc_column-inner \"><div class=\"wpb_wrapper\">[vc_custom_heading text=&#8220;Pers\u00f6nliche Beratung&#8220; font_container=&#8220;tag:h2|font_size:2.625rem|text_align:left|color:%230e4194&#8243; use_theme_fonts=&#8220;yes&#8220;]<\/div><\/div><\/div><\/div><div class=\"vc_row wpb_row vc_inner vc_row-fluid  vc_custom_1560345129004 vc_row-has-fill\"><div class=\"wpb_column vc_column_container vc_col-sm-4  col-xs-mobile-fullwidth\"><div class=\"vc_column-inner \"><div class=\"wpb_wrapper\">[vc_single_image image=&#8220;21351&#8243;]<\/div><\/div><\/div><div class=\"wpb_column vc_column_container vc_col-sm-8  col-xs-mobile-fullwidth\"><div class=\"vc_column-inner \"><div class=\"wpb_wrapper\"><div class=\"last-paragraph-no-margin\"><p>Guten Tag, mein Name ist Michael Schmidt und ich bin einer von zwei gesch\u00e4ftsf\u00fchrenden Gesellschaftern der HAAF-STS Logistik GmbH.<\/p>\n<p>Sie haben noch Fragen zu den Coiltransport Dienstleistungen? Ich helfe Ihnen gerne weiter. Rufen Sie mich einfach an oder schreiben Sie mir eine E-Mailnachricht.<\/p>\n<p><strong>So erreichen Sie mich w\u00e4hrend unserer B\u00fcrozeiten:<\/strong><br \/>\n(Montag bis Freitag von 08.00 bis 17.00 Uhr)<\/p>\n<p><strong>Telefon:<\/strong><br \/>\n02392 8087 10<\/p>\n<p><strong>E-Mail:<\/strong><br \/>\n<a href=\"mailto:michael.schmidt@haaf-sts-logistik.de\">michael.schmidt@haaf-sts-logistik.de<\/a><\/p>\n<\/div><\/div><\/div><\/div><\/div><\/div><\/div><\/div><div class=\"wpb_column vc_column_container vc_col-has-fill vc_col-sm-6  col-xs-mobile-fullwidth\"><div class=\"vc_column-inner vc_custom_1560343906315\"><div class=\"wpb_wrapper\"><div class=\"vc_row wpb_row vc_inner vc_row-fluid\"><div class=\"wpb_column vc_column_container vc_col-sm-12  col-xs-mobile-fullwidth\"><div class=\"vc_column-inner \"><div class=\"wpb_wrapper\">[vc_custom_heading text=&#8220;Angebot anfordern&#8220; font_container=&#8220;tag:h2|font_size:2.625rem|text_align:left|color:%23fecf00&#8243; use_theme_fonts=&#8220;yes&#8220;]\n<div class=\"wpcf7 no-js\" id=\"wpcf7-f20897-o1\" lang=\"de-DE\" dir=\"ltr\" data-wpcf7-id=\"20897\">\n<div class=\"screen-reader-response\"><p role=\"status\" aria-live=\"polite\" aria-atomic=\"true\"><\/p> <ul><\/ul><\/div>\n<form action=\"\/coiltransport\/wp-json\/wp\/v2\/pages\/20888#wpcf7-f20897-o1\" method=\"post\" class=\"wpcf7-form init\" aria-label=\"Kontaktformular\" novalidate=\"novalidate\" data-status=\"init\">\n<div style=\"display: none;\">\n<input type=\"hidden\" name=\"_wpcf7\" value=\"20897\" \/>\n<input type=\"hidden\" name=\"_wpcf7_version\" value=\"6.0.3\" \/>\n<input type=\"hidden\" name=\"_wpcf7_locale\" value=\"de_DE\" \/>\n<input type=\"hidden\" name=\"_wpcf7_unit_tag\" value=\"wpcf7-f20897-o1\" \/>\n<input type=\"hidden\" name=\"_wpcf7_container_post\" value=\"0\" \/>\n<input type=\"hidden\" name=\"_wpcf7_posted_data_hash\" value=\"\" \/>\n<\/div>\n<div id=\"cf7md-form\" class=\"cf7md-form\">\n\t\t\t<div class=\"mdc-layout-grid\">\n\t\t\t\t\t\t\t\t\n<\/p>\n\t\t\t<div class=\"cf7md-item cf7md-card mdc-layout-grid__cell mdc-layout-grid__cell--span-12 mdc-layout-grid__cell--span-12-desktop mdc-layout-grid__cell--span-8-tablet mdc-layout-grid__cell--span-4-mobile\">\n\t\t\t\t<div class=\"mdc-card\">\n\t\t\t\t\t\t\t\t\t\t\t<section class=\"mdc-card__primary\">\n\t\t\t\t\t\t\t\t\t\t\t\t\t\t\t<h3 class=\"mdc-card__title mdc-card__title--\">Unternehmen<\/h3>\n\t\t\t\t\t\t\t\t\t\t\t\t\t\t\t\t\t\t\t\t\t\t<p class=\"mdc-card__subtitle\">Angaben zu Ansprechpartner und Unternehmen<\/p>\n\t\t\t\t\t\t\t\t\t\t\t\t\t<\/section>\n\t\t\t\t\t\t\t\t\t\t<section class=\"mdc-card__supporting-text\">\n\t\t\t\t\t\t<div class=\"mdc-layout-grid\">\n\t\t\t\t\t\t\t\n\t\t<div class=\"cf7md-item cf7md-text mdc-layout-grid__cell mdc-layout-grid__cell--span-12 mdc-layout-grid__cell--span-6-desktop mdc-layout-grid__cell--span-4-tablet mdc-layout-grid__cell--span-4-mobile\">\n\t\t\t<br \/>\n<span class=\"wpcf7-form-control-wrap\" data-name=\"your-unternehmen\"><input size=\"40\" maxlength=\"400\" class=\"wpcf7-form-control wpcf7-text wpcf7-validates-as-required\" aria-required=\"true\" aria-invalid=\"false\" value=\"\" type=\"text\" name=\"your-unternehmen\" \/><\/span><br \/>\n\t\t\t\t\t\t<div style=\"display: none;\" class=\"cf7md-text-html\">\n\t\t\t\t<div class=\"mdc-textfield\" data-mdc-auto-init=\"MDCTextfield\">\n\t\t\t\t\t<label class=\"mdc-textfield__label\">Firma<\/label>\n\t\t\t\t<\/div>\n\t\t\t<\/div>\n\t\t<\/div>\n\t\t<div class=\"cf7md-item cf7md-text mdc-layout-grid__cell mdc-layout-grid__cell--span-12 mdc-layout-grid__cell--span-6-desktop mdc-layout-grid__cell--span-4-tablet mdc-layout-grid__cell--span-4-mobile\">\n\t\t\t<br \/>\n<span class=\"wpcf7-form-control-wrap\" data-name=\"your-name\"><input size=\"40\" maxlength=\"400\" class=\"wpcf7-form-control wpcf7-text wpcf7-validates-as-required\" aria-required=\"true\" aria-invalid=\"false\" value=\"\" type=\"text\" name=\"your-name\" \/><\/span><br \/>\n\t\t\t\t\t\t<div style=\"display: none;\" class=\"cf7md-text-html\">\n\t\t\t\t<div class=\"mdc-textfield\" data-mdc-auto-init=\"MDCTextfield\">\n\t\t\t\t\t<label class=\"mdc-textfield__label\">Ansprechpartner f\u00fcr R\u00fcckfragen<\/label>\n\t\t\t\t<\/div>\n\t\t\t<\/div>\n\t\t<\/div>\n\t\t\n\t\t<div class=\"cf7md-item cf7md-text mdc-layout-grid__cell mdc-layout-grid__cell--span-12 mdc-layout-grid__cell--span-6-desktop mdc-layout-grid__cell--span-4-tablet mdc-layout-grid__cell--span-4-mobile\">\n\t\t\t<br \/>\n<span class=\"wpcf7-form-control-wrap\" data-name=\"your-telefon\"><input size=\"40\" maxlength=\"400\" class=\"wpcf7-form-control wpcf7-text wpcf7-validates-as-required\" aria-required=\"true\" aria-invalid=\"false\" value=\"\" type=\"text\" name=\"your-telefon\" \/><\/span><br \/>\n\t\t\t\t\t\t<div style=\"display: none;\" class=\"cf7md-text-html\">\n\t\t\t\t<div class=\"mdc-textfield\" data-mdc-auto-init=\"MDCTextfield\">\n\t\t\t\t\t<label class=\"mdc-textfield__label\">Telefon<\/label>\n\t\t\t\t<\/div>\n\t\t\t<\/div>\n\t\t<\/div>\n\t\t\n<div class=\"cf7md-item cf7md-text mdc-layout-grid__cell mdc-layout-grid__cell--span-12 mdc-layout-grid__cell--span-6-desktop mdc-layout-grid__cell--span-4-tablet mdc-layout-grid__cell--span-4-mobile\">\n\t\t\t<br \/>\n<span class=\"wpcf7-form-control-wrap\" data-name=\"your-email\"><input size=\"40\" maxlength=\"400\" class=\"wpcf7-form-control wpcf7-email wpcf7-validates-as-required wpcf7-text wpcf7-validates-as-email\" aria-required=\"true\" aria-invalid=\"false\" value=\"\" type=\"email\" name=\"your-email\" \/><\/span><br \/>\n\t\t\t\t\t\t<div style=\"display: none;\" class=\"cf7md-text-html\">\n\t\t\t\t<div class=\"mdc-textfield\" data-mdc-auto-init=\"MDCTextfield\">\n\t\t\t\t\t<label class=\"mdc-textfield__label\">E-Mailadresse<\/label>\n\t\t\t\t<\/div>\n\t\t\t<\/div>\n\t\t<\/div>\n\t\t<br \/>\n\t\t\t\t\t\t<\/div>\n\t\t\t\t\t<\/section>\n\t\t\t\t<\/div>\n\t\t\t<\/div>\n\t\t\t\n\t\t\t<div class=\"cf7md-item cf7md-card mdc-layout-grid__cell mdc-layout-grid__cell--span-12 mdc-layout-grid__cell--span-12-desktop mdc-layout-grid__cell--span-8-tablet mdc-layout-grid__cell--span-4-mobile\">\n\t\t\t\t<div class=\"mdc-card\">\n\t\t\t\t\t\t\t\t\t\t\t<section class=\"mdc-card__primary\">\n\t\t\t\t\t\t\t\t\t\t\t\t\t\t\t<h3 class=\"mdc-card__title mdc-card__title--\">Transport<\/h3>\n\t\t\t\t\t\t\t\t\t\t\t\t\t\t\t\t\t\t\t\t\t\t<p class=\"mdc-card__subtitle\">Angaben zum gew\u00fcnschten COIL Transport<\/p>\n\t\t\t\t\t\t\t\t\t\t\t\t\t<\/section>\n\t\t\t\t\t\t\t\t\t\t<section class=\"mdc-card__supporting-text\">\n\t\t\t\t\t\t<div class=\"mdc-layout-grid\">\n\t\t\t\t\t\t\t\n\t\t<div class=\"cf7md-item cf7md-text mdc-layout-grid__cell mdc-layout-grid__cell--span-12 mdc-layout-grid__cell--span-6-desktop mdc-layout-grid__cell--span-4-tablet mdc-layout-grid__cell--span-4-mobile\">\n\t\t\t<br \/>\n<span class=\"wpcf7-form-control-wrap\" data-name=\"your-transport-von\"><input size=\"40\" maxlength=\"400\" class=\"wpcf7-form-control wpcf7-text wpcf7-validates-as-required\" aria-required=\"true\" aria-invalid=\"false\" value=\"\" type=\"text\" name=\"your-transport-von\" \/><\/span><br \/>\n\t\t\t\t\t\t<div style=\"display: none;\" class=\"cf7md-text-html\">\n\t\t\t\t<div class=\"mdc-textfield\" data-mdc-auto-init=\"MDCTextfield\">\n\t\t\t\t\t<label class=\"mdc-textfield__label\">Transport von<\/label>\n\t\t\t\t<\/div>\n\t\t\t<\/div>\n\t\t<\/div>\n<div class=\"cf7md-item cf7md-text mdc-layout-grid__cell mdc-layout-grid__cell--span-12 mdc-layout-grid__cell--span-6-desktop mdc-layout-grid__cell--span-4-tablet mdc-layout-grid__cell--span-4-mobile\">\n\t\t\t<br \/>\n<span class=\"wpcf7-form-control-wrap\" data-name=\"your-transport-nach\"><input size=\"40\" maxlength=\"400\" class=\"wpcf7-form-control wpcf7-text wpcf7-validates-as-required\" aria-required=\"true\" aria-invalid=\"false\" value=\"\" type=\"text\" name=\"your-transport-nach\" \/><\/span><br \/>\n\t\t\t\t\t\t<div style=\"display: none;\" class=\"cf7md-text-html\">\n\t\t\t\t<div class=\"mdc-textfield\" data-mdc-auto-init=\"MDCTextfield\">\n\t\t\t\t\t<label class=\"mdc-textfield__label\">Transport nach<\/label>\n\t\t\t\t<\/div>\n\t\t\t<\/div>\n\t\t<\/div>\n\t\t<br \/>\n\t\t\t\t\t\t<\/div>\n\t\t\t\t\t<\/section>\n\t\t\t\t<\/div>\n\t\t\t<\/div>\n\t\t\t\n\t\t\t<div class=\"cf7md-item cf7md-card mdc-layout-grid__cell mdc-layout-grid__cell--span-12 mdc-layout-grid__cell--span-12-desktop mdc-layout-grid__cell--span-8-tablet mdc-layout-grid__cell--span-4-mobile\">\n\t\t\t\t<div class=\"mdc-card\">\n\t\t\t\t\t\t\t\t\t\t\t<section class=\"mdc-card__primary\">\n\t\t\t\t\t\t\t\t\t\t\t\t\t\t\t<h3 class=\"mdc-card__title mdc-card__title--\">Weitere Mitteilungen<\/h3>\n\t\t\t\t\t\t\t\t\t\t\t\t\t\t\t\t\t\t\t\t\t\t<p class=\"mdc-card__subtitle\">Gibt es noch weitere Spezifikationen \/ Besonderheiten?<\/p>\n\t\t\t\t\t\t\t\t\t\t\t\t\t<\/section>\n\t\t\t\t\t\t\t\t\t\t<section class=\"mdc-card__supporting-text\">\n\t\t\t\t\t\t<div class=\"mdc-layout-grid\">\n\t\t\t\t\t\t\t\n\t\t<div class=\"cf7md-item cf7md-textarea mdc-layout-grid__cell mdc-layout-grid__cell--span-12 mdc-layout-grid__cell--span-12-desktop mdc-layout-grid__cell--span-8-tablet mdc-layout-grid__cell--span-4-mobile cf7md-textarea-autosize\">\n\t\t\t<br \/>\n<span class=\"wpcf7-form-control-wrap\" data-name=\"your-message\"><textarea cols=\"40\" rows=\"10\" maxlength=\"2000\" class=\"wpcf7-form-control wpcf7-textarea wpcf7-validates-as-required\" aria-required=\"true\" aria-invalid=\"false\" name=\"your-message\"><\/textarea><\/span><br \/>\n\t\t\t\t\t\t<div style=\"display: none;\" class=\"cf7md-text-html\">\n\t\t\t\t<div class=\"mdc-textfield mdc-textfield--multiline mdc-textfield--upgraded\" data-mdc-auto-init=\"MDCTextfield\">\n\t\t\t\t\t<label class=\"mdc-textfield__label\">Weitere Informationen zum Transport<\/label>\n\t\t\t\t<\/div>\n\t\t\t<\/div>\n\t\t<\/div>\n<div class=\"cf7md-item cf7md-submit mdc-layout-grid__cell mdc-layout-grid__cell--span-12 mdc-layout-grid__cell--span-12-desktop mdc-layout-grid__cell--span-8-tablet mdc-layout-grid__cell--span-4-mobile\">\n\t\t\t<br \/>\n<input class=\"wpcf7-form-control wpcf7-submit has-spinner\" type=\"submit\" value=\"Angebot anfordern\" \/><br \/>\n\t\t\t<svg class=\"cf7md-spinner\" width=\"25px\" height=\"25px\" viewBox=\"0 0 66 66\" xmlns=\"http:\/\/www.w3.org\/2000\/svg\">\n\t\t\t\t<circle class=\"cf7md-spinner-path\" fill=\"none\" stroke-width=\"6\" stroke-linecap=\"round\" cx=\"33\" cy=\"33\" r=\"30\"><\/circle>\n\t\t\t<\/svg>\n\t\t<\/div>\n\t\t<br \/>\n\t\t\t\t\t\t<\/div>\n\t\t\t\t\t<\/section>\n\t\t\t\t<\/div>\n\t\t\t<\/div>\n\t\t\t\n<div class=\"dse-font-wrapper\">\n\t\t\t<div class=\"cf7md-item cf7md-accept cf7md-is-wpcf7v5 mdc-layout-grid__cell mdc-layout-grid__cell--span-12 mdc-layout-grid__cell--span-12-desktop mdc-layout-grid__cell--span-8-tablet mdc-layout-grid__cell--span-4-mobile\">\n\t\t\t\t\t\t\t<label class=\"cf7md-label cf7md-label--static\">Einvest\u00e4ndniserkl\u00e4rung Datenschutz<\/label>\n\t\t\t\t\t\t<br \/>\n<span class=\"wpcf7-form-control-wrap\" data-name=\"acceptance-878\"><span class=\"wpcf7-form-control wpcf7-acceptance\"><span class=\"wpcf7-list-item\"><input type=\"checkbox\" name=\"acceptance-878\" value=\"1\" aria-invalid=\"false\" \/><\/span><\/span><\/span><br \/>\n\t\t\t<label class=\"cf7md-accept-label\">Ja, ich akzeptiere die <a target='_blank' href='\/coiltransport\/datenschutzerklaerung\/'>Datenschutzerkl\u00e4rung<\/a> und stimme zu, dass meine Angaben und Daten zur Beantwortung meiner Anfrage elektronisch erhoben, gespeichert und verarbeitet werden. Diese Einwilligung kann jederzeit f\u00fcr die Zukunft widerrufen werden.<\/label>\n\t\t\t<div style=\"display: none;\" class=\"cf7md-checkbox-html\">\n\t\t\t\t<div class=\"mdc-checkbox__background\">\n\t\t\t\t\t<svg version=\"1.1\"\n\t\t\t\t\t\tclass=\"mdc-checkbox__checkmark\"\n\t\t\t\t\t\txmlns=\"http:\/\/www.w3.org\/2000\/svg\"\n\t\t\t\t\t\tviewBox=\"0 0 24 24\"\n\t\t\t\t\t\txml:space=\"preserve\">\n\t\t\t\t\t\t<path class=\"mdc-checkbox__checkmark__path\"\n\t\t\t\t\t\t\tfill=\"none\"\n\t\t\t\t\t\t\tstroke=\"white\"\n\t\t\t\t\t\t\td=\"M1.73,12.91 8.1,19.28 22.79,4.59\"\/>\n\t\t\t\t\t<\/svg>\n\t\t\t\t\t<div class=\"mdc-checkbox__mixedmark\"><\/div>\n\t\t\t\t<\/div>\n\t\t\t<\/div>\n\t\t\t\t\t<\/div>\n\t\t\n<\/div>\n\t\t\t\t\t\t\t<\/div>\n\t\t<\/div><div class=\"wpcf7-response-output\" aria-hidden=\"true\"><\/div>\n<\/form>\n<\/div>\n<\/div><\/div><\/div><\/div><\/div><\/div><\/div><\/section><div class=\"vc_row-full-width vc_clearfix\"><\/div>\n<\/section>","protected":false},"excerpt":{"rendered":"Ihr Angebot wartet auf Sie.Nutzen Sie die Vorteile von HAAF-STS Logistik f\u00fcr Ihren Gesch\u00e4ftserfolg. Sprechen Sie mit uns. Angebot anfordern \u279dNutzen Sie die Vorteile von HAAF-STS Logistik f\u00fcr Ihren Gesch\u00e4ftserfolgWir transportieren Stahl Coils flexibel und zuverl\u00e4ssig bis zu Ihrem gew\u00fcnschten Bestimmungsort. [vc_custom_heading text=\"Pers\u00f6nliche Beratung\" font_container=\"tag:h2|font_size:2.625rem|text_align:left|color:%230e4194\" use_theme_fonts=\"yes\"][vc_single_image image=\"21351\"]Guten Tag, mein Name ist Michael Schmidt und ich bin einer von zwei gesch\u00e4ftsf\u00fchrenden Gesellschaftern der HAAF-STS Logistik GmbH. Sie haben noch Fragen zu den Coiltransport Dienstleistungen? Ich helfe Ihnen gerne weiter. Rufen Sie mich einfach an oder schreiben Sie mir eine E-Mailnachricht. So erreichen Sie mich w\u00e4hrend unserer B\u00fcrozeiten: (Montag bis Freitag von 08.00 bis 17.00 Uhr) Telefon: 02392 8087 10 E-Mail: michael.schmidt@haaf-sts-logistik.de [vc_custom_heading text=\"Angebot anfordern\" font_container=\"tag:h2|font_size:2.625rem|text_align:left|color:%23fecf00\" use_theme_fonts=\"yes\"] Unternehmen Angaben zu Ansprechpartner und Unternehmen Firma Ansprechpartner f\u00fcr R\u00fcckfragen Telefon E-Mailadresse Transport Angaben zum gew\u00fcnschten COIL Transport Transport von Transport nach Weitere Mitteilungen Gibt es noch weitere Spezifikationen \/ Besonderheiten? Weitere Informationen zum Transport Einvest\u00e4ndniserkl\u00e4rung Datenschutz Ja, ich akzeptiere die Datenschutzerkl\u00e4rung und stimme zu, dass meine Angaben und Daten zur Beantwortung meiner Anfrage elektronisch erhoben, gespeichert und verarbeitet werden. Diese Einwilligung kann jederzeit f\u00fcr die Zukunft widerrufen werden.","protected":false},"author":1,"featured_media":0,"parent":0,"menu_order":0,"comment_status":"closed","ping_status":"closed","template":"","meta":{"footnotes":""},"class_list":["post-20888","page","type-page","status-publish","hentry"],"_links":{"self":[{"href":"https:\/\/haafsts-logistik.de\/coiltransport\/wp-json\/wp\/v2\/pages\/20888"}],"collection":[{"href":"https:\/\/haafsts-logistik.de\/coiltransport\/wp-json\/wp\/v2\/pages"}],"about":[{"href":"https:\/\/haafsts-logistik.de\/coiltransport\/wp-json\/wp\/v2\/types\/page"}],"author":[{"embeddable":true,"href":"https:\/\/haafsts-logistik.de\/coiltransport\/wp-json\/wp\/v2\/users\/1"}],"replies":[{"embeddable":true,"href":"https:\/\/haafsts-logistik.de\/coiltransport\/wp-json\/wp\/v2\/comments?post=20888"}],"version-history":[{"count":24,"href":"https:\/\/haafsts-logistik.de\/coiltransport\/wp-json\/wp\/v2\/pages\/20888\/revisions"}],"predecessor-version":[{"id":21352,"href":"https:\/\/haafsts-logistik.de\/coiltransport\/wp-json\/wp\/v2\/pages\/20888\/revisions\/21352"}],"wp:attachment":[{"href":"https:\/\/haafsts-logistik.de\/coiltransport\/wp-json\/wp\/v2\/media?parent=20888"}],"curies":[{"name":"wp","href":"https:\/\/api.w.org\/{rel}","templated":true}]}}